{"id":1009,"date":"2020-02-18T11:22:23","date_gmt":"2020-02-18T09:22:23","guid":{"rendered":"http:\/\/cab2.crealogica.eu\/nosotros__trashed\/seguretat-i-entorn\/"},"modified":"2021-10-26T17:38:44","modified_gmt":"2021-10-26T15:38:44","slug":"seguridad","status":"publish","type":"page","link":"https:\/\/www.cabanesalsarbres.com\/es\/nosotros\/seguridad\/","title":{"rendered":"Seguridad"},"content":{"rendered":"\n<h2 class=\"wp-block-heading\">Cuidamos de nuestro bosque y de sus hu\u00e9spedes con:<\/h2>\n\n\n\n<ul class=\"wp-block-list\"><li>Unos pararrayos instalados cerca de las caba\u00f1as.<\/li><\/ul>\n\n\n\n<ul class=\"wp-block-list\"><li>Nuestra propia estaci\u00f3n meteorol\u00f3gica controlada las 24h desde la mas\u00eda.<\/li><\/ul>\n\n\n\n<ul class=\"wp-block-list\"><li>Una red de hidrantes al alcance de cada caba\u00f1a.<\/li><\/ul>\n\n\n\n<ul class=\"wp-block-list\"><li>Un sistema autom\u00e1tico contra incendios, as\u00ed como un extintor en el interior de cada caba\u00f1a<\/li><\/ul>\n\n\n\n<ul class=\"wp-block-list\"><li>Un reglamento con el compromiso de no fumar ni dentro, ni en el exterior del nido en el que dormir\u00e9is. Disponemos de un espacio para los fumadores cerca de la mas\u00eda.<\/li><\/ul>\n","protected":false},"excerpt":{"rendered":"<p>Cuidamos de nuestro bosque y de sus hu\u00e9spedes con: Unos pararrayos instalados cerca de las caba\u00f1as. Nuestra propia estaci\u00f3n meteorol\u00f3gica controlada las 24h desde la mas\u00eda. Una red de hidrantes al alcance de cada caba\u00f1a. Un sistema autom\u00e1tico contra incendios, as\u00ed como un extintor en el interior de cada caba\u00f1a Un reglamento con el compromiso [&hellip;]<\/p>\n","protected":false},"author":3,"featured_media":0,"parent":888,"menu_order":0,"comment_status":"closed","ping_status":"closed","template":"","meta":{"footnotes":""},"class_list":["post-1009","page","type-page","status-publish","hentry"],"_links":{"self":[{"href":"https:\/\/www.cabanesalsarbres.com\/es\/wp-json\/wp\/v2\/pages\/1009","targetHints":{"allow":["GET"]}}],"collection":[{"href":"https:\/\/www.cabanesalsarbres.com\/es\/wp-json\/wp\/v2\/pages"}],"about":[{"href":"https:\/\/www.cabanesalsarbres.com\/es\/wp-json\/wp\/v2\/types\/page"}],"author":[{"embeddable":true,"href":"https:\/\/www.cabanesalsarbres.com\/es\/wp-json\/wp\/v2\/users\/3"}],"replies":[{"embeddable":true,"href":"https:\/\/www.cabanesalsarbres.com\/es\/wp-json\/wp\/v2\/comments?post=1009"}],"version-history":[{"count":7,"href":"https:\/\/www.cabanesalsarbres.com\/es\/wp-json\/wp\/v2\/pages\/1009\/revisions"}],"predecessor-version":[{"id":5245,"href":"https:\/\/www.cabanesalsarbres.com\/es\/wp-json\/wp\/v2\/pages\/1009\/revisions\/5245"}],"up":[{"embeddable":true,"href":"https:\/\/www.cabanesalsarbres.com\/es\/wp-json\/wp\/v2\/pages\/888"}],"wp:attachment":[{"href":"https:\/\/www.cabanesalsarbres.com\/es\/wp-json\/wp\/v2\/media?parent=1009"}],"curies":[{"name":"wp","href":"https:\/\/api.w.org\/{rel}","templated":true}]}}