{"id":158,"date":"2020-02-19T10:40:39","date_gmt":"2020-02-19T08:40:39","guid":{"rendered":"http:\/\/cab2.crealogica.eu\/?page_id=158"},"modified":"2020-05-18T11:21:26","modified_gmt":"2020-05-18T09:21:26","slug":"garantia-complementaria","status":"publish","type":"page","link":"https:\/\/www.cabanesalsarbres.com\/es\/garantia-complementaria\/","title":{"rendered":"Garant\u00eda complementaria"},"content":{"rendered":"\n<h3 class=\"wp-block-heading\"><strong>Condiciones de garant\u00eda complementaria de cancelaci\u00f3n:<\/strong><\/h3>\n\n\n\n<p>Ninildu SL garantiza, hasta un l\u00edmite de 400 euros, y a reserva de las exclusiones mencionadas en estas Condiciones de Garant\u00eda, el reembolso de los costes de cancelaci\u00f3n de estancia solicitado por el cliente que contrat\u00f3 la garant\u00eda y a quien se le factur\u00f3 en concepto de extensi\u00f3n de las condiciones generales de venta, siempre que la estad\u00eda se cancele antes del inicio de la misma y por una de las causas siguientes sobrevenidas despu\u00e9s de la suscripci\u00f3n de la garant\u00eda:<\/p>\n\n\n\n<p>1- Debido al fallecimiento, a la hospitalizaci\u00f3n como m\u00ednimo de una noche, enfermedad grave o accidente corporal grave:<\/p>\n\n\n\n<p>a- Del cliente o de alguno de sus familiares.<\/p>\n\n\n\n<p>familiares: c\u00f3nyuge, pareja de hecho o persona que como tal conviva con el cliente, padres, suegros, hijos o hermanos del cliente.<\/p>\n\n\n\n<p>b- La persona responsable durante la estad\u00eda del cliente, de la custodia de los menores, en la residencia habitual.<\/p>\n\n\n\n<p>C- Del sustituto directo del cliente en su puesto de trabajo, siempre que esta circunstancia impida al cliente cancelar su estad\u00eda por requerimiento de la Compa\u00f1\u00eda que lo emplea.<\/p>\n\n\n\n<p>En relaci\u00f3n con el cliente, una enfermedad grave significa una alteraci\u00f3n de la salud que implique hospitalizaci\u00f3n o la necesidad de guardar cama, dentro de los 7 d\u00edas previos a la estad\u00eda, y que m\u00e9dicamente, imposibilite el inicio de la estad\u00eda en la fecha programada.<\/p>\n\n\n\n<p>Por accidente grave se entiende un da\u00f1o corporal no intencional por parte de la v\u00edctima, como resultado de la acci\u00f3n s\u00fabita de una causa externa y que, a juicio de un profesional m\u00e9dico, imposibilite el inicio de la estad\u00eda del cliente en la fecha prevista, o conlleve riesgo de muerte para alguno de los familiares citados.<\/p>\n\n\n\n<p>2- La convocatoria del cliente como parte, testigo o jurado ante un tribunal civil, penal o laboral.<\/p>\n\n\n\n<p>3- Convocatoria como miembro de una mesa electoral para elecciones de \u00e1mbito estatal, auton\u00f3mico o municipal.<\/p>\n\n\n\n<p>4- La presentaci\u00f3n a ex\u00e1menes de oposiciones oficiales convocadas a trav\u00e9s de un organismo p\u00fablico con posterioridad a la suscripci\u00f3n de la garant\u00eda. Esta presentaci\u00f3n puede ser tanto en calidad de opositor o como miembro del tribunal.<\/p>\n\n\n\n<p>5- Los da\u00f1os graves ocasionados por incendio, explosi\u00f3n, robo o por la fuerza de la naturaleza, en su residencia principal o secundaria, o en su local profesional si el cliente ejerce una profesi\u00f3n liberal o dirige una empresa y fuese necesaria imperativamente su presencia.<\/p>\n\n\n\n<p>6- Debido al despido laboral del cliente. En ning\u00fan caso entrar\u00e1 en vigor esta garant\u00eda por finalizaci\u00f3n del contrato laboral, renuncia voluntaria o por la no superaci\u00f3n del periodo de prueba. En todo caso, la garant\u00eda deber\u00e1\u0301 haberse suscrita antes de la comunicaci\u00f3n escrita por parte de la Empresa al trabajador.<\/p>\n\n\n\n<p>7- La incorporaci\u00f3n a un nuevo puesto de trabajo, en una empresa distinta a la que desempe\u00f1aba el trabajo, con contrato laboral superior a un a\u00f1o y siempre que la incorporaci\u00f3n se produzca con posterioridad a la reserva de la estancia y, por lo tanto, a la suscripci\u00f3n de la garant\u00eda.<\/p>\n\n\n\n<p>8- Llamada para intervenci\u00f3n quir\u00fargica del cliente, as\u00ed\u0301 como de pruebas m\u00e9dicas previas a dicha intervenci\u00f3n. (Incluye trasplante de \u00f3rganos como receptor o donante).<\/p>\n\n\n\n<p>9- Llamada para pruebas m\u00e9dicas del cliente o familiares, realizadas por la Sanidad P\u00fablica con car\u00e1cter de urgencia, siempre que est\u00e9n justificadas por la gravedad del caso.<\/p>\n\n\n\n<p>10- Complicaciones graves en el estado de embarazo que, por prescripci\u00f3n m\u00e9dica, obliguen a guardar reposo o exijan la hospitalizaci\u00f3n de la cliente, su c\u00f3nyuge, o pareja de hecho o persona que como tal conviva permanentemente con el cliente, siempre que dichas complicaciones se hayan producido despu\u00e9s de la contrataci\u00f3n de la garant\u00eda y pongan engrave riesgo la continuidad o el necesario desarrollo de dicho embarazo.<\/p>\n\n\n\n<p>11- Parto prematuro de la cliente, el c\u00f3nyuge o pareja de hecho del cliente o la persona que, como tal, vive permanentemente con la\/el cliente.<\/p>\n\n\n\n<p>Para el pago de la indemnizaci\u00f3n ser\u00e1\u0301 imprescindible la presentaci\u00f3n de la documentaci\u00f3n justificativa del motivo de anulaci\u00f3n del cliente.<\/p>\n\n\n\n<p>Exclusiones espec\u00edficas de la garant\u00eda de cancelaci\u00f3n complementaria:<\/p>\n\n\n\n<p>A-Tratamiento est\u00e9tico, una cura, interrupci\u00f3n voluntaria del embarazo, alcoholismo, consumo de drogas y estupefacientes, salvo que estos hayan sido prescritos por un m\u00e9dico y se consuman de forma indicada.<\/p>\n\n\n\n<p>B- Enfermedades que est\u00e9n siendo tratadas o precisen cuidados m\u00e9dicos dentro de los 30 d\u00edas anteriores, tanto a la fecha de la reserva de la estad\u00eda, como a la fecha de inclusi\u00f3n a la garant\u00eda.<\/p>\n\n\n\n<p>C- Epidemias, pandemias, cuarentena m\u00e9dica y cat\u00e1strofes naturales.<\/p>\n\n\n\n<p>D- Guerra (civil o no), declarada o no, motines, movimientos populares, actos de terrorismo, todo efecto de una fuente de radiactividad, as\u00ed\u0301 como la inobservancia consciente de las prohibiciones oficiales.<\/p>\n\n\n\n<p>G- La no presentaci\u00f3n por cualquier motivo de documentos esenciales para la estad\u00eda, una tarjeta de identidad v\u00e1lida.<\/p>\n\n\n\n<p>H- Los actos dolosos, as\u00ed\u0301 como las autolesiones causadas intencionadamente, el suicidio o el intento de suicidio.<\/p>\n","protected":false},"excerpt":{"rendered":"<p>Condiciones de garant\u00eda complementaria de cancelaci\u00f3n: Ninildu SL garantiza, hasta un l\u00edmite de 400 euros, y a reserva de las exclusiones mencionadas en estas Condiciones de Garant\u00eda, el reembolso de los costes de cancelaci\u00f3n de estancia solicitado por el cliente que contrat\u00f3 la garant\u00eda y a quien se le factur\u00f3 en concepto de extensi\u00f3n de [&hellip;]<\/p>\n","protected":false},"author":3,"featured_media":0,"parent":0,"menu_order":0,"comment_status":"closed","ping_status":"closed","template":"","meta":{"footnotes":""},"class_list":["post-158","page","type-page","status-publish","hentry"],"_links":{"self":[{"href":"https:\/\/www.cabanesalsarbres.com\/es\/wp-json\/wp\/v2\/pages\/158","targetHints":{"allow":["GET"]}}],"collection":[{"href":"https:\/\/www.cabanesalsarbres.com\/es\/wp-json\/wp\/v2\/pages"}],"about":[{"href":"https:\/\/www.cabanesalsarbres.com\/es\/wp-json\/wp\/v2\/types\/page"}],"author":[{"embeddable":true,"href":"https:\/\/www.cabanesalsarbres.com\/es\/wp-json\/wp\/v2\/users\/3"}],"replies":[{"embeddable":true,"href":"https:\/\/www.cabanesalsarbres.com\/es\/wp-json\/wp\/v2\/comments?post=158"}],"version-history":[{"count":4,"href":"https:\/\/www.cabanesalsarbres.com\/es\/wp-json\/wp\/v2\/pages\/158\/revisions"}],"predecessor-version":[{"id":2789,"href":"https:\/\/www.cabanesalsarbres.com\/es\/wp-json\/wp\/v2\/pages\/158\/revisions\/2789"}],"wp:attachment":[{"href":"https:\/\/www.cabanesalsarbres.com\/es\/wp-json\/wp\/v2\/media?parent=158"}],"curies":[{"name":"wp","href":"https:\/\/api.w.org\/{rel}","templated":true}]}}