{"id":922,"date":"2020-03-04T13:29:54","date_gmt":"2020-03-04T11:29:54","guid":{"rendered":"http:\/\/cab2.crealogica.eu\/cabana-rossinyol\/"},"modified":"2022-07-01T11:39:16","modified_gmt":"2022-07-01T09:39:16","slug":"cabana-rossinyol","status":"publish","type":"page","link":"https:\/\/www.cabanesalsarbres.com\/es\/cabana-rossinyol\/","title":{"rendered":"Caba\u00f1a Rossinyol"},"content":{"rendered":"\t\t<div data-elementor-type=\"wp-page\" data-elementor-id=\"922\" class=\"elementor elementor-922 elementor-680\">\n\t\t\t\t\t\t<section class=\"elementor-section elementor-top-section elementor-element elementor-element-0b2f0d6 elementor-section-stretched elementor-section-full_width elementor-section-height-full elementor-section-content-middle elementor-section-items-top elementor-section-height-default\" data-id=\"0b2f0d6\" data-element_type=\"section\" data-e-type=\"section\" data-settings=\"{&quot;stretch_section&quot;:&quot;section-stretched&quot;,&quot;background_background&quot;:&quot;classic&quot;}\">\n\t\t\t\t\t\t\t<div class=\"elementor-background-overlay\"><\/div>\n\t\t\t\t\t\t\t<div class=\"elementor-container elementor-column-gap-default\">\n\t\t\t\t\t<div class=\"elementor-column elementor-col-100 elementor-top-column elementor-element elementor-element-b10e340\" data-id=\"b10e340\" data-element_type=\"column\" data-e-type=\"column\">\n\t\t\t<div class=\"elementor-widget-wrap elementor-element-populated\">\n\t\t\t\t\t\t<section class=\"elementor-section elementor-inner-section elementor-element elementor-element-60ffa97 elementor-section-boxed elementor-section-height-default elementor-section-height-default\" data-id=\"60ffa97\" data-element_type=\"section\" data-e-type=\"section\">\n\t\t\t\t\t\t<div class=\"elementor-container elementor-column-gap-default\">\n\t\t\t\t\t<div class=\"elementor-column elementor-col-100 elementor-inner-column elementor-element elementor-element-df83085\" data-id=\"df83085\" data-element_type=\"column\" data-e-type=\"column\">\n\t\t\t<div class=\"elementor-widget-wrap elementor-element-populated\">\n\t\t\t\t\t\t<div class=\"elementor-element elementor-element-8f03066 animated-slow elementor-invisible elementor-widget elementor-widget-heading\" data-id=\"8f03066\" data-element_type=\"widget\" data-e-type=\"widget\" data-settings=\"{&quot;_animation&quot;:&quot;fadeIn&quot;,&quot;_animation_delay&quot;:15}\" data-widget_type=\"heading.default\">\n\t\t\t\t<div class=\"elementor-widget-container\">\n\t\t\t\t\t<h1 class=\"elementor-heading-title elementor-size-default\">Caba\u00f1a Rossinyol<\/h1>\t\t\t\t<\/div>\n\t\t\t\t<\/div>\n\t\t\t\t<div class=\"elementor-element elementor-element-87ffcc5 animated-slow elementor-invisible elementor-widget elementor-widget-heading\" data-id=\"87ffcc5\" data-element_type=\"widget\" data-e-type=\"widget\" data-settings=\"{&quot;_animation&quot;:&quot;zoomIn&quot;,&quot;_animation_delay&quot;:30}\" data-widget_type=\"heading.default\">\n\t\t\t\t<div class=\"elementor-widget-container\">\n\t\t\t\t\t<div class=\"elementor-heading-title elementor-size-default\">Capacidad: 2 personas <\/div>\t\t\t\t<\/div>\n\t\t\t\t<\/div>\n\t\t\t\t\t<\/div>\n\t\t<\/div>\n\t\t\t\t\t<\/div>\n\t\t<\/section>\n\t\t\t\t\t<\/div>\n\t\t<\/div>\n\t\t\t\t\t<\/div>\n\t\t<\/section>\n\t\t\t\t<section class=\"elementor-section elementor-top-section elementor-element elementor-element-7f73077 elementor-section-boxed elementor-section-height-default elementor-section-height-default\" data-id=\"7f73077\" data-element_type=\"section\" data-e-type=\"section\">\n\t\t\t\t\t\t\t<div class=\"elementor-background-overlay\"><\/div>\n\t\t\t\t\t\t\t<div class=\"elementor-container elementor-column-gap-default\">\n\t\t\t\t\t<div class=\"elementor-column elementor-col-100 elementor-top-column elementor-element elementor-element-fcc52e7\" data-id=\"fcc52e7\" data-element_type=\"column\" data-e-type=\"column\">\n\t\t\t<div class=\"elementor-widget-wrap elementor-element-populated\">\n\t\t\t\t\t\t<div class=\"elementor-element elementor-element-ac99ae2 elementor-invisible elementor-widget elementor-widget-heading\" data-id=\"ac99ae2\" data-element_type=\"widget\" data-e-type=\"widget\" data-settings=\"{&quot;_animation&quot;:&quot;fadeIn&quot;}\" data-widget_type=\"heading.default\">\n\t\t\t\t<div class=\"elementor-widget-container\">\n\t\t\t\t\t<h2 class=\"elementor-heading-title elementor-size-default\">Caba\u00f1a entre 2 \u00e1rboles. Acceso por escalera vertical. <\/h2>\t\t\t\t<\/div>\n\t\t\t\t<\/div>\n\t\t\t\t<div class=\"elementor-element elementor-element-2c933e1 animated-fast elementor-arrows-position-outside elementor-invisible elementor-widget elementor-widget-image-carousel\" data-id=\"2c933e1\" data-element_type=\"widget\" data-e-type=\"widget\" data-settings=\"{&quot;slides_to_show&quot;:&quot;6&quot;,&quot;navigation&quot;:&quot;arrows&quot;,&quot;_animation&quot;:&quot;fadeInLeft&quot;,&quot;_animation_delay&quot;:50,&quot;slides_to_show_mobile&quot;:&quot;1&quot;,&quot;autoplay&quot;:&quot;yes&quot;,&quot;pause_on_hover&quot;:&quot;yes&quot;,&quot;pause_on_interaction&quot;:&quot;yes&quot;,&quot;autoplay_speed&quot;:5000,&quot;infinite&quot;:&quot;yes&quot;,&quot;speed&quot;:500}\" data-widget_type=\"image-carousel.default\">\n\t\t\t\t<div class=\"elementor-widget-container\">\n\t\t\t\t\t\t\t<div class=\"elementor-image-carousel-wrapper swiper\" role=\"region\" aria-roledescription=\"carousel\" aria-label=\"Carrusel de im\u00e1genes\" dir=\"rtl\">\n\t\t\t<div class=\"elementor-image-carousel swiper-wrapper\" aria-live=\"off\">\n\t\t\t\t\t\t\t\t<div class=\"swiper-slide\" role=\"group\" aria-roledescription=\"slide\" aria-label=\"1 de 10\"><figure class=\"swiper-slide-inner\"><img decoding=\"async\" class=\"swiper-slide-image\" src=\"https:\/\/www.cabanesalsarbres.com\/wp-content\/uploads\/elementor\/thumbs\/plate_7c64a258-oqq0cfyh2sa5qktizhcp5cko2n8rtglwl4auobwp6c.png\" alt=\"Desayuno\" \/><figcaption class=\"elementor-image-carousel-caption\">Desayuno<\/figcaption><\/figure><\/div><div class=\"swiper-slide\" role=\"group\" aria-roledescription=\"slide\" aria-label=\"2 de 10\"><figure class=\"swiper-slide-inner\"><img decoding=\"async\" class=\"swiper-slide-image\" src=\"https:\/\/www.cabanesalsarbres.com\/wp-content\/uploads\/elementor\/thumbs\/towel_c09df5d6-oqq0cfyh2sa5qktizhcp5cko2n8rtglwl4auobwp6c.png\" alt=\"Ropa de cama, mantas y toallas\" \/><figcaption class=\"elementor-image-carousel-caption\">Ropa de cama, mantas y toallas<\/figcaption><\/figure><\/div><div class=\"swiper-slide\" role=\"group\" aria-roledescription=\"slide\" aria-label=\"3 de 10\"><figure class=\"swiper-slide-inner\"><img decoding=\"async\" class=\"swiper-slide-image\" src=\"https:\/\/www.cabanesalsarbres.com\/wp-content\/uploads\/elementor\/thumbs\/water_c06312f0-oqq0cfyh2sa5qktizhcp5cko2n8rtglwl4auobwp6c.png\" alt=\"Botella de agua mineral\" \/><figcaption class=\"elementor-image-carousel-caption\">Botella de agua mineral<\/figcaption><\/figure><\/div><div class=\"swiper-slide\" role=\"group\" aria-roledescription=\"slide\" aria-label=\"4 de 10\"><figure class=\"swiper-slide-inner\"><img decoding=\"async\" class=\"swiper-slide-image\" src=\"https:\/\/www.cabanesalsarbres.com\/wp-content\/uploads\/elementor\/thumbs\/lamp-oil_d6d9bb98-oqq0cfyh2sa5qktizhcp5cko2n8rtglwl4auobwp6c.png\" alt=\"L\u00e1mparas led recargables\" \/><figcaption class=\"elementor-image-carousel-caption\">L\u00e1mparas led recargables<\/figcaption><\/figure><\/div><div class=\"swiper-slide\" role=\"group\" aria-roledescription=\"slide\" aria-label=\"5 de 10\"><figure class=\"swiper-slide-inner\"><img decoding=\"async\" class=\"swiper-slide-image\" src=\"https:\/\/www.cabanesalsarbres.com\/wp-content\/uploads\/elementor\/thumbs\/fireplace_5b9d5acb-oqq0cfyh2sa5qktizhcp5cko2n8rtglwl4auobwp6c.png\" alt=\"Chimenea mural ecol\u00f3gica\" \/><figcaption class=\"elementor-image-carousel-caption\">Chimenea mural ecol\u00f3gica<\/figcaption><\/figure><\/div><div class=\"swiper-slide\" role=\"group\" aria-roledescription=\"slide\" aria-label=\"6 de 10\"><figure class=\"swiper-slide-inner\"><img decoding=\"async\" class=\"swiper-slide-image\" src=\"https:\/\/www.cabanesalsarbres.com\/wp-content\/uploads\/elementor\/thumbs\/toilet_adedb3a8-oqq0cfyh2sa5qktizhcp5cko2n8rtglwl4auobwp6c.png\" alt=\"V\u00e1ter seco\" \/><figcaption class=\"elementor-image-carousel-caption\">V\u00e1ter seco<\/figcaption><\/figure><\/div><div class=\"swiper-slide\" role=\"group\" aria-roledescription=\"slide\" aria-label=\"7 de 10\"><figure class=\"swiper-slide-inner\"><img decoding=\"async\" class=\"swiper-slide-image\" src=\"https:\/\/www.cabanesalsarbres.com\/wp-content\/uploads\/elementor\/thumbs\/shower_b288e7de-oqq0cfyh2sa5qktizhcp5cko2n8rtglwl4auobwp6c.png\" alt=\"Ducha, en la mas\u00eda\" \/><figcaption class=\"elementor-image-carousel-caption\">Ducha, en la mas\u00eda<\/figcaption><\/figure><\/div><div class=\"swiper-slide\" role=\"group\" aria-roledescription=\"slide\" aria-label=\"8 de 10\"><figure class=\"swiper-slide-inner\"><img decoding=\"async\" class=\"swiper-slide-image\" src=\"https:\/\/www.cabanesalsarbres.com\/wp-content\/uploads\/elementor\/thumbs\/soft-drink_66701a29-oqq0cfyh2sa5qktizhcp5cko2n8rtglwl4auobwp6c.png\" alt=\"Cafeter\u00eda, Lounge sala de estar con chimenea, en la mas\u00eda\" \/><figcaption class=\"elementor-image-carousel-caption\">Cafeter\u00eda, Lounge sala de estar con chimenea, en la mas\u00eda<\/figcaption><\/figure><\/div><div class=\"swiper-slide\" role=\"group\" aria-roledescription=\"slide\" aria-label=\"9 de 10\"><figure class=\"swiper-slide-inner\"><img decoding=\"async\" class=\"swiper-slide-image\" src=\"https:\/\/www.cabanesalsarbres.com\/wp-content\/uploads\/elementor\/thumbs\/wifi_38105713-oqq0cfyh2sa5qktizhcp5cko2n8rtglwl4auobwp6c.png\" alt=\"Wifi gratis, en la mas\u00eda\" \/><figcaption class=\"elementor-image-carousel-caption\">Wifi gratis, en la mas\u00eda<\/figcaption><\/figure><\/div><div class=\"swiper-slide\" role=\"group\" aria-roledescription=\"slide\" aria-label=\"10 de 10\"><figure class=\"swiper-slide-inner\"><img decoding=\"async\" class=\"swiper-slide-image\" src=\"https:\/\/www.cabanesalsarbres.com\/wp-content\/uploads\/elementor\/thumbs\/swimming-pool_d516a360-oqq0cfyh2sa5qktizhcp5cko2n8rtglwl4auobwp6c.png\" alt=\"Piscina, meses de verano\" \/><figcaption class=\"elementor-image-carousel-caption\">Piscina, meses de verano<\/figcaption><\/figure><\/div>\t\t\t<\/div>\n\t\t\t\t\t\t\t\t\t\t\t\t<div class=\"elementor-swiper-button elementor-swiper-button-prev\" role=\"button\" tabindex=\"0\">\n\t\t\t\t\t\t<i aria-hidden=\"true\" class=\"eicon-chevron-left\"><\/i>\t\t\t\t\t<\/div>\n\t\t\t\t\t<div class=\"elementor-swiper-button elementor-swiper-button-next\" role=\"button\" tabindex=\"0\">\n\t\t\t\t\t\t<i aria-hidden=\"true\" class=\"eicon-chevron-right\"><\/i>\t\t\t\t\t<\/div>\n\t\t\t\t\n\t\t\t\t\t\t\t\t\t<\/div>\n\t\t\t\t\t\t<\/div>\n\t\t\t\t<\/div>\n\t\t\t\t\t<\/div>\n\t\t<\/div>\n\t\t\t\t\t<\/div>\n\t\t<\/section>\n\t\t\t\t<section class=\"elementor-section elementor-top-section elementor-element elementor-element-c58bf08 elementor-section-stretched elementor-section-full_width elementor-section-height-min-height elementor-section-height-default elementor-section-items-middle\" data-id=\"c58bf08\" data-element_type=\"section\" data-e-type=\"section\" data-settings=\"{&quot;stretch_section&quot;:&quot;section-stretched&quot;}\">\n\t\t\t\t\t\t<div class=\"elementor-container elementor-column-gap-no\">\n\t\t\t\t\t<div class=\"elementor-column elementor-col-100 elementor-top-column elementor-element elementor-element-5758945\" data-id=\"5758945\" data-element_type=\"column\" data-e-type=\"column\">\n\t\t\t<div class=\"elementor-widget-wrap elementor-element-populated\">\n\t\t\t\t\t\t<div class=\"elementor-element elementor-element-e351f0e responsive elementor-invisible elementor-widget elementor-widget-image-carousel\" data-id=\"e351f0e\" data-element_type=\"widget\" data-e-type=\"widget\" data-settings=\"{&quot;slides_to_show&quot;:&quot;5&quot;,&quot;navigation&quot;:&quot;none&quot;,&quot;_animation&quot;:&quot;zoomIn&quot;,&quot;slides_to_scroll&quot;:&quot;1&quot;,&quot;autoplay&quot;:&quot;yes&quot;,&quot;pause_on_hover&quot;:&quot;yes&quot;,&quot;pause_on_interaction&quot;:&quot;yes&quot;,&quot;autoplay_speed&quot;:5000,&quot;infinite&quot;:&quot;yes&quot;,&quot;speed&quot;:500}\" data-widget_type=\"image-carousel.default\">\n\t\t\t\t<div class=\"elementor-widget-container\">\n\t\t\t\t\t\t\t<div class=\"elementor-image-carousel-wrapper swiper\" role=\"region\" aria-roledescription=\"carousel\" aria-label=\"Carrusel de im\u00e1genes\" dir=\"ltr\">\n\t\t\t<div class=\"elementor-image-carousel swiper-wrapper swiper-image-stretch\" aria-live=\"off\">\n\t\t\t\t\t\t\t\t<div class=\"swiper-slide\" role=\"group\" aria-roledescription=\"slide\" aria-label=\"1 de 7\"><a data-elementor-open-lightbox=\"yes\" data-elementor-lightbox-slideshow=\"e351f0e\" data-elementor-lightbox-title=\"MG_1718\" data-e-action-hash=\"#elementor-action%3Aaction%3Dlightbox%26settings%3DeyJpZCI6Njg1LCJ1cmwiOiJodHRwczpcL1wvd3d3LmNhYmFuZXNhbHNhcmJyZXMuY29tXC93cC1jb250ZW50XC91cGxvYWRzXC8yMDIwXC8wM1wvTUdfMTcxOC5qcGciLCJzbGlkZXNob3ciOiJlMzUxZjBlIn0%3D\" href=\"https:\/\/www.cabanesalsarbres.com\/wp-content\/uploads\/2020\/03\/MG_1718.jpg\"><figure class=\"swiper-slide-inner\"><img decoding=\"async\" class=\"swiper-slide-image\" src=\"https:\/\/www.cabanesalsarbres.com\/wp-content\/uploads\/2020\/03\/MG_1718.jpg\" alt=\"Cabanes als arbres | Millor lloguer Glamping Catalunya\" \/><\/figure><\/a><\/div><div class=\"swiper-slide\" role=\"group\" aria-roledescription=\"slide\" aria-label=\"2 de 7\"><a data-elementor-open-lightbox=\"yes\" data-elementor-lightbox-slideshow=\"e351f0e\" data-elementor-lightbox-title=\"MG_1729\" data-e-action-hash=\"#elementor-action%3Aaction%3Dlightbox%26settings%3DeyJpZCI6Njg5LCJ1cmwiOiJodHRwczpcL1wvd3d3LmNhYmFuZXNhbHNhcmJyZXMuY29tXC93cC1jb250ZW50XC91cGxvYWRzXC8yMDIwXC8wM1wvTUdfMTcyOS5qcGciLCJzbGlkZXNob3ciOiJlMzUxZjBlIn0%3D\" href=\"https:\/\/www.cabanesalsarbres.com\/wp-content\/uploads\/2020\/03\/MG_1729.jpg\"><figure class=\"swiper-slide-inner\"><img decoding=\"async\" class=\"swiper-slide-image\" src=\"https:\/\/www.cabanesalsarbres.com\/wp-content\/uploads\/2020\/03\/MG_1729.jpg\" alt=\"Cabanes als arbres | Millor lloguer Glamping Catalunya\" \/><\/figure><\/a><\/div><div class=\"swiper-slide\" role=\"group\" aria-roledescription=\"slide\" aria-label=\"3 de 7\"><a data-elementor-open-lightbox=\"yes\" data-elementor-lightbox-slideshow=\"e351f0e\" data-elementor-lightbox-title=\"Cabanes als arbres | Millor lloguer Glamping Catalunya\" data-e-action-hash=\"#elementor-action%3Aaction%3Dlightbox%26settings%3DeyJpZCI6NjkzLCJ1cmwiOiJodHRwczpcL1wvd3d3LmNhYmFuZXNhbHNhcmJyZXMuY29tXC93cC1jb250ZW50XC91cGxvYWRzXC8yMDIwXC8wM1wvTUdfMTc0NS5qcGciLCJzbGlkZXNob3ciOiJlMzUxZjBlIn0%3D\" href=\"https:\/\/www.cabanesalsarbres.com\/wp-content\/uploads\/2020\/03\/MG_1745.jpg\"><figure class=\"swiper-slide-inner\"><img decoding=\"async\" class=\"swiper-slide-image\" src=\"https:\/\/www.cabanesalsarbres.com\/wp-content\/uploads\/2020\/03\/MG_1745.jpg\" alt=\"Cabanes als arbres | Millor lloguer Glamping Catalunya\" \/><\/figure><\/a><\/div><div class=\"swiper-slide\" role=\"group\" aria-roledescription=\"slide\" aria-label=\"4 de 7\"><a data-elementor-open-lightbox=\"yes\" data-elementor-lightbox-slideshow=\"e351f0e\" data-elementor-lightbox-title=\"MG_1747\" data-e-action-hash=\"#elementor-action%3Aaction%3Dlightbox%26settings%3DeyJpZCI6Njk3LCJ1cmwiOiJodHRwczpcL1wvd3d3LmNhYmFuZXNhbHNhcmJyZXMuY29tXC93cC1jb250ZW50XC91cGxvYWRzXC8yMDIwXC8wM1wvTUdfMTc0Ny5qcGciLCJzbGlkZXNob3ciOiJlMzUxZjBlIn0%3D\" href=\"https:\/\/www.cabanesalsarbres.com\/wp-content\/uploads\/2020\/03\/MG_1747.jpg\"><figure class=\"swiper-slide-inner\"><img decoding=\"async\" class=\"swiper-slide-image\" src=\"https:\/\/www.cabanesalsarbres.com\/wp-content\/uploads\/2020\/03\/MG_1747.jpg\" alt=\"Cabanes als arbres | Millor lloguer Glamping Catalunya\" \/><\/figure><\/a><\/div><div class=\"swiper-slide\" role=\"group\" aria-roledescription=\"slide\" aria-label=\"5 de 7\"><a data-elementor-open-lightbox=\"yes\" data-elementor-lightbox-slideshow=\"e351f0e\" data-elementor-lightbox-title=\"Cabanes als arbres | Millor lloguer Glamping Catalunya\" data-e-action-hash=\"#elementor-action%3Aaction%3Dlightbox%26settings%3DeyJpZCI6NzAxLCJ1cmwiOiJodHRwczpcL1wvd3d3LmNhYmFuZXNhbHNhcmJyZXMuY29tXC93cC1jb250ZW50XC91cGxvYWRzXC8yMDIwXC8wM1wvTUdfMTc4OS5qcGciLCJzbGlkZXNob3ciOiJlMzUxZjBlIn0%3D\" href=\"https:\/\/www.cabanesalsarbres.com\/wp-content\/uploads\/2020\/03\/MG_1789.jpg\"><figure class=\"swiper-slide-inner\"><img decoding=\"async\" class=\"swiper-slide-image\" src=\"https:\/\/www.cabanesalsarbres.com\/wp-content\/uploads\/2020\/03\/MG_1789.jpg\" alt=\"Cabanes als arbres | Millor lloguer Glamping Catalunya\" \/><\/figure><\/a><\/div><div class=\"swiper-slide\" role=\"group\" aria-roledescription=\"slide\" aria-label=\"6 de 7\"><a data-elementor-open-lightbox=\"yes\" data-elementor-lightbox-slideshow=\"e351f0e\" data-elementor-lightbox-title=\"Caba\u00f1as en los \u00e1rboles | Mejor alquiler Glamping Catalu\u00f1a\" data-e-action-hash=\"#elementor-action%3Aaction%3Dlightbox%26settings%3DeyJpZCI6NjQwNywidXJsIjoiaHR0cHM6XC9cL3d3dy5jYWJhbmVzYWxzYXJicmVzLmNvbVwvd3AtY29udGVudFwvdXBsb2Fkc1wvMjAyMlwvMDdcL1Jvc3NpbnlvbF9iYWphLTcuanBnIiwic2xpZGVzaG93IjoiZTM1MWYwZSJ9\" href=\"https:\/\/www.cabanesalsarbres.com\/wp-content\/uploads\/2022\/07\/Rossinyol_baja-7.jpg\"><figure class=\"swiper-slide-inner\"><img decoding=\"async\" class=\"swiper-slide-image\" src=\"https:\/\/www.cabanesalsarbres.com\/wp-content\/uploads\/2022\/07\/Rossinyol_baja-7.jpg\" alt=\"Cabanes als arbres | Millor lloguer Glamping Catalunya\" \/><\/figure><\/a><\/div><div class=\"swiper-slide\" role=\"group\" aria-roledescription=\"slide\" aria-label=\"7 de 7\"><a data-elementor-open-lightbox=\"yes\" data-elementor-lightbox-slideshow=\"e351f0e\" data-elementor-lightbox-title=\"Caba\u00f1as en los \u00e1rboles | Mejor alquiler Glamping Catalu\u00f1a\" data-e-action-hash=\"#elementor-action%3Aaction%3Dlightbox%26settings%3DeyJpZCI6NjQxMSwidXJsIjoiaHR0cHM6XC9cL3d3dy5jYWJhbmVzYWxzYXJicmVzLmNvbVwvd3AtY29udGVudFwvdXBsb2Fkc1wvMjAyMlwvMDdcL1Jvc3NpbnlvbF9iYWphLTkuanBnIiwic2xpZGVzaG93IjoiZTM1MWYwZSJ9\" href=\"https:\/\/www.cabanesalsarbres.com\/wp-content\/uploads\/2022\/07\/Rossinyol_baja-9.jpg\"><figure class=\"swiper-slide-inner\"><img decoding=\"async\" class=\"swiper-slide-image\" src=\"https:\/\/www.cabanesalsarbres.com\/wp-content\/uploads\/2022\/07\/Rossinyol_baja-9.jpg\" alt=\"Cabanes als arbres | Millor lloguer Glamping Catalunya\" \/><\/figure><\/a><\/div>\t\t\t<\/div>\n\t\t\t\t\t\t\t\n\t\t\t\t\t\t\t\t\t<\/div>\n\t\t\t\t\t\t<\/div>\n\t\t\t\t<\/div>\n\t\t\t\t\t<\/div>\n\t\t<\/div>\n\t\t\t\t\t<\/div>\n\t\t<\/section>\n\t\t\t\t<section class=\"elementor-section elementor-top-section elementor-element elementor-element-4e43342 elementor-section-stretched elementor-section-full_width elementor-section-content-middle elementor-section-height-default elementor-section-height-default\" data-id=\"4e43342\" data-element_type=\"section\" data-e-type=\"section\" data-settings=\"{&quot;stretch_section&quot;:&quot;section-stretched&quot;,&quot;background_background&quot;:&quot;classic&quot;}\">\n\t\t\t\t\t\t<div class=\"elementor-container elementor-column-gap-no\">\n\t\t\t\t\t<div class=\"elementor-column elementor-col-100 elementor-top-column elementor-element elementor-element-7851e82\" data-id=\"7851e82\" data-element_type=\"column\" data-e-type=\"column\">\n\t\t\t<div class=\"elementor-widget-wrap elementor-element-populated\">\n\t\t\t\t\t\t<section class=\"elementor-section elementor-inner-section elementor-element elementor-element-fe7dd8a elementor-section-full_width elementor-section-content-middle elementor-section-height-min-height elementor-section-height-default\" data-id=\"fe7dd8a\" data-element_type=\"section\" data-e-type=\"section\">\n\t\t\t\t\t\t<div class=\"elementor-container elementor-column-gap-no\">\n\t\t\t\t\t<div class=\"elementor-column elementor-col-50 elementor-inner-column elementor-element elementor-element-812533c elementor-hidden-phone\" data-id=\"812533c\" data-element_type=\"column\" data-e-type=\"column\" data-settings=\"{&quot;background_background&quot;:&quot;slideshow&quot;,&quot;background_slideshow_gallery&quot;:[{&quot;id&quot;:699,&quot;url&quot;:&quot;https:\\\/\\\/www.cabanesalsarbres.com\\\/wp-content\\\/uploads\\\/2020\\\/03\\\/MG_1789.jpg&quot;},{&quot;id&quot;:695,&quot;url&quot;:&quot;https:\\\/\\\/www.cabanesalsarbres.com\\\/wp-content\\\/uploads\\\/2020\\\/03\\\/MG_1747.jpg&quot;},{&quot;id&quot;:691,&quot;url&quot;:&quot;https:\\\/\\\/www.cabanesalsarbres.com\\\/wp-content\\\/uploads\\\/2020\\\/03\\\/MG_1745.jpg&quot;},{&quot;id&quot;:687,&quot;url&quot;:&quot;https:\\\/\\\/www.cabanesalsarbres.com\\\/wp-content\\\/uploads\\\/2020\\\/03\\\/MG_1729.jpg&quot;},{&quot;id&quot;:683,&quot;url&quot;:&quot;https:\\\/\\\/www.cabanesalsarbres.com\\\/wp-content\\\/uploads\\\/2020\\\/03\\\/MG_1718.jpg&quot;},{&quot;id&quot;:6408,&quot;url&quot;:&quot;https:\\\/\\\/www.cabanesalsarbres.com\\\/wp-content\\\/uploads\\\/2022\\\/07\\\/Rossinyol_baja-9.jpg&quot;},{&quot;id&quot;:6404,&quot;url&quot;:&quot;https:\\\/\\\/www.cabanesalsarbres.com\\\/wp-content\\\/uploads\\\/2022\\\/07\\\/Rossinyol_baja-7.jpg&quot;}],&quot;background_slideshow_ken_burns&quot;:&quot;yes&quot;,&quot;background_slideshow_loop&quot;:&quot;yes&quot;,&quot;background_slideshow_slide_duration&quot;:5000,&quot;background_slideshow_slide_transition&quot;:&quot;fade&quot;,&quot;background_slideshow_transition_duration&quot;:500,&quot;background_slideshow_ken_burns_zoom_direction&quot;:&quot;in&quot;}\">\n\t\t\t<div class=\"elementor-widget-wrap\">\n\t\t\t\t\t\t\t<\/div>\n\t\t<\/div>\n\t\t\t\t<div class=\"elementor-column elementor-col-50 elementor-inner-column elementor-element elementor-element-62fa504\" data-id=\"62fa504\" data-element_type=\"column\" data-e-type=\"column\">\n\t\t\t<div class=\"elementor-widget-wrap elementor-element-populated\">\n\t\t\t\t\t\t<div class=\"elementor-element elementor-element-f65c05c elementor-invisible elementor-widget elementor-widget-heading\" data-id=\"f65c05c\" data-element_type=\"widget\" data-e-type=\"widget\" data-settings=\"{&quot;_animation&quot;:&quot;fadeIn&quot;}\" data-widget_type=\"heading.default\">\n\t\t\t\t<div class=\"elementor-widget-container\">\n\t\t\t\t\t<div class=\"elementor-heading-title elementor-size-default\"><ul>\n<li><b>Desayuno incluido<\/b><\/li>\n<li><b>Cama:<\/b> 150cm x 190cm.<\/li>\n<li><b>Altura:<\/b> 5 metros<\/li>\n<li><b>Dimensiones:<\/b> 20 m\u00b2 interior, 10 m\u00b2 terraza.<\/li>\n<li><b>Vistas:<\/b> el Montseny<\/li>\n<li><b>Distancia mas\u00eda:<\/b> 700 metros<\/li>\n<li><b>Tiempo de ruta:<\/b> 15 minutos<\/li>\n<li><b>Posibilidad de aparcar cerca:<\/b> no<\/li>\n<\/ul><\/div>\t\t\t\t<\/div>\n\t\t\t\t<\/div>\n\t\t\t\t<div class=\"elementor-element elementor-element-1455610 elementor-button-danger elementor-align-justify elementor-widget__width-inherit elementor-invisible elementor-widget elementor-widget-button\" data-id=\"1455610\" data-element_type=\"widget\" data-e-type=\"widget\" data-settings=\"{&quot;_animation&quot;:&quot;slideInDown&quot;}\" data-widget_type=\"button.default\">\n\t\t\t\t<div class=\"elementor-widget-container\">\n\t\t\t\t\t\t\t\t\t<div class=\"elementor-button-wrapper\">\n\t\t\t\t\t<a class=\"elementor-button elementor-button-link elementor-size-xl elementor-animation-buzz-out\" href=\"\/reserva\/?cabana=6\">\n\t\t\t\t\t\t<span class=\"elementor-button-content-wrapper\">\n\t\t\t\t\t\t\t\t\t<span class=\"elementor-button-text\">RESERVAR<\/span>\n\t\t\t\t\t<\/span>\n\t\t\t\t\t<\/a>\n\t\t\t\t<\/div>\n\t\t\t\t\t\t\t\t<\/div>\n\t\t\t\t<\/div>\n\t\t\t\t<div class=\"elementor-element elementor-element-2df50bb elementor-widget elementor-widget-image\" data-id=\"2df50bb\" data-element_type=\"widget\" data-e-type=\"widget\" data-widget_type=\"image.default\">\n\t\t\t\t<div class=\"elementor-widget-container\">\n\t\t\t\t\t\t\t\t\t\t\t\t\t\t\t<img decoding=\"async\" src=\"https:\/\/www.cabanesalsarbres.com\/wp-content\/uploads\/elementor\/thumbs\/cupido_pick-1-oqq0cfyh2sa5qktizhcp5cko2n8rtglwl4auobwp6c.png\" title=\"cupido_pick\" alt=\"Pack Cupid\" loading=\"lazy\" \/>\t\t\t\t\t\t\t\t\t\t\t\t\t\t\t<\/div>\n\t\t\t\t<\/div>\n\t\t\t\t<div class=\"elementor-element elementor-element-8d66a32 elementor-widget elementor-widget-heading\" data-id=\"8d66a32\" data-element_type=\"widget\" data-e-type=\"widget\" data-widget_type=\"heading.default\">\n\t\t\t\t<div class=\"elementor-widget-container\">\n\t\t\t\t\t<h3 class=\"elementor-heading-title elementor-size-default\"><!--Check-in partir de les 16:00 fins les 20h, Check-out fins a les 12:30.-->\nCaba\u00f1a Cupido desde 169\u20ac<\/h3>\t\t\t\t<\/div>\n\t\t\t\t<\/div>\n\t\t\t\t<div class=\"elementor-element elementor-element-0f1e8b6 elementor-button-danger elementor-align-justify elementor-widget__width-inherit elementor-invisible elementor-widget elementor-widget-button\" data-id=\"0f1e8b6\" data-element_type=\"widget\" data-e-type=\"widget\" data-settings=\"{&quot;_animation&quot;:&quot;slideInUp&quot;}\" data-widget_type=\"button.default\">\n\t\t\t\t<div class=\"elementor-widget-container\">\n\t\t\t\t\t\t\t\t\t<div class=\"elementor-button-wrapper\">\n\t\t\t\t\t<a class=\"elementor-button elementor-button-link elementor-size-xl elementor-animation-grow\" href=\"\/reserva\/?regal=2&#038;cabana=6\">\n\t\t\t\t\t\t<span class=\"elementor-button-content-wrapper\">\n\t\t\t\t\t\t\t\t\t<span class=\"elementor-button-text\">REGALAR<\/span>\n\t\t\t\t\t<\/span>\n\t\t\t\t\t<\/a>\n\t\t\t\t<\/div>\n\t\t\t\t\t\t\t\t<\/div>\n\t\t\t\t<\/div>\n\t\t\t\t\t<\/div>\n\t\t<\/div>\n\t\t\t\t\t<\/div>\n\t\t<\/section>\n\t\t\t\t\t<\/div>\n\t\t<\/div>\n\t\t\t\t\t<\/div>\n\t\t<\/section>\n\t\t\t\t<\/div>\n\t\t","protected":false},"excerpt":{"rendered":"<p>Caba\u00f1a Rossinyol Capacidad: 2 personas Caba\u00f1a entre 2 \u00e1rboles. Acceso por escalera vertical. Desayuno Ropa de cama, mantas y toallas Botella de agua mineral L\u00e1mparas led recargables Chimenea mural ecol\u00f3gica V\u00e1ter seco Ducha, en la mas\u00eda Cafeter\u00eda, Lounge sala de estar con chimenea, en la mas\u00eda Wifi gratis, en la mas\u00eda Piscina, meses de verano [&hellip;]<\/p>\n","protected":false},"author":3,"featured_media":0,"parent":0,"menu_order":0,"comment_status":"closed","ping_status":"closed","template":"elementor_header_footer","meta":{"footnotes":""},"class_list":["post-922","page","type-page","status-publish","hentry"],"_links":{"self":[{"href":"https:\/\/www.cabanesalsarbres.com\/es\/wp-json\/wp\/v2\/pages\/922","targetHints":{"allow":["GET"]}}],"collection":[{"href":"https:\/\/www.cabanesalsarbres.com\/es\/wp-json\/wp\/v2\/pages"}],"about":[{"href":"https:\/\/www.cabanesalsarbres.com\/es\/wp-json\/wp\/v2\/types\/page"}],"author":[{"embeddable":true,"href":"https:\/\/www.cabanesalsarbres.com\/es\/wp-json\/wp\/v2\/users\/3"}],"replies":[{"embeddable":true,"href":"https:\/\/www.cabanesalsarbres.com\/es\/wp-json\/wp\/v2\/comments?post=922"}],"version-history":[{"count":24,"href":"https:\/\/www.cabanesalsarbres.com\/es\/wp-json\/wp\/v2\/pages\/922\/revisions"}],"predecessor-version":[{"id":6420,"href":"https:\/\/www.cabanesalsarbres.com\/es\/wp-json\/wp\/v2\/pages\/922\/revisions\/6420"}],"wp:attachment":[{"href":"https:\/\/www.cabanesalsarbres.com\/es\/wp-json\/wp\/v2\/media?parent=922"}],"curies":[{"name":"wp","href":"https:\/\/api.w.org\/{rel}","templated":true}]}}