{"id":972,"date":"2020-02-19T10:46:12","date_gmt":"2020-02-19T08:46:12","guid":{"rendered":"http:\/\/cab2.crealogica.eu\/condicions-generals\/"},"modified":"2020-08-11T13:35:29","modified_gmt":"2020-08-11T11:35:29","slug":"condiciones-generales","status":"publish","type":"page","link":"https:\/\/www.cabanesalsarbres.com\/es\/condiciones-generales\/","title":{"rendered":"Condiciones generales"},"content":{"rendered":"\t\t<div data-elementor-type=\"wp-page\" data-elementor-id=\"972\" class=\"elementor elementor-972 elementor-163\">\n\t\t\t\t\t\t<section class=\"elementor-section elementor-top-section elementor-element elementor-element-65d49910 elementor-section-boxed elementor-section-height-default elementor-section-height-default\" data-id=\"65d49910\" data-element_type=\"section\" data-e-type=\"section\">\n\t\t\t\t\t\t<div class=\"elementor-container elementor-column-gap-default\">\n\t\t\t\t\t<div class=\"elementor-column elementor-col-100 elementor-top-column elementor-element elementor-element-bf36529\" data-id=\"bf36529\" data-element_type=\"column\" data-e-type=\"column\">\n\t\t\t<div class=\"elementor-widget-wrap elementor-element-populated\">\n\t\t\t\t\t\t<div class=\"elementor-element elementor-element-5e3011c5 elementor-widget elementor-widget-text-editor\" data-id=\"5e3011c5\" data-element_type=\"widget\" data-e-type=\"widget\" data-widget_type=\"text-editor.default\">\n\t\t\t\t<div class=\"elementor-widget-container\">\n\t\t\t\t\t\t\t\t\t<p><\/p>\n<p><strong>Condiciones de alojamiento en las caba\u00f1as en los \u00e1rboles:<\/strong><\/p>\n<p><\/p>\n<ul class=\"wp-block-list\">\n<li>Entrada de 16h a 19:30h, salida antes de las 12h.<\/li>\n<\/ul>\n<p><\/p>\n<ul class=\"wp-block-list\">\n<li>No est\u00e1 permitida la entrada de ni\u00f1os menores de 10 a\u00f1os en las caba\u00f1as en los \u00e1rboles<\/li>\n<\/ul>\n<p><\/p>\n<ul class=\"wp-block-list\">\n<li>Las instalaciones no son adecuadas para personas con movilidad reducida<\/li>\n<\/ul>\n<p><\/p>\n<ul class=\"wp-block-list\">\n<li>No se permiten mascotas.<\/li>\n<\/ul>\n<p><\/p>\n<ul class=\"wp-block-list\">\n<li>Es obligatorio que al menos uno de los ocupantes de la caba\u00f1a sea mayor de edad.<\/li>\n<\/ul>\n<p><\/p>\n<ul class=\"wp-block-list\">\n<li>Est\u00e1 totalmente prohibido fumar en la caba\u00f1a y en el bosque, usar velas y \/ o incienso. (Una zona para fumadores se encuentra en el jard\u00edn de la masia).<\/li>\n<\/ul>\n<p><\/p>\n<ul class=\"wp-block-list\">\n<li>No hay reembolso en caso de v\u00e9rtigo.<\/li>\n<\/ul>\n<p><\/p>\n<ul class=\"wp-block-list\">\n<li>Las caba\u00f1as est\u00e1n suspendidas de un \u00e1rbol o entre 2 \u00e1rboles, a una altura de 3 a 10 metros del suelo, el acceso a la caba\u00f1a es por un puente colgante y \/ o una escalera de madera, a menudo vertical y la puerta de acceso es a menudo una trampilla.<\/li>\n<\/ul>\n<p><\/p>\n<ul class=\"wp-block-list\">\n<li>La distancia entre la recepci\u00f3n y la caba\u00f1a es de entre 70 y 1.000 metros y se puede llegar a pie.<\/li>\n<\/ul>\n<p><\/p>\n<ul class=\"wp-block-list\">\n<li>La caba\u00f1a no tiene agua corriente ni electricidad, los ba\u00f1os son secos.<\/li>\n<\/ul>\n<p><\/p>\n<ul class=\"wp-block-list\">\n<li>Las duchas est\u00e1n disponibles en la masia.<\/li>\n<\/ul>\n<p><\/p>\n<ul class=\"wp-block-list\">\n<li>No est\u00e1 permitido cocinar.<\/li>\n<\/ul>\n<p><\/p>\n<ul class=\"wp-block-list\">\n<li>No hay tel\u00e9fono en las caba\u00f1as.<\/li>\n<\/ul>\n<p><\/p>\n<ul class=\"wp-block-list\">\n<li>En caso de evacuaci\u00f3n por fuerza mayor, las literas estar\u00e1n disponibles en la masia (sin reembolso).<\/li>\n<\/ul>\n<p><\/p>\n<ul class=\"wp-block-list\">\n<li>Respeta la tranquilidad de los ocupantes de las otras caba\u00f1as. Evite la contaminaci\u00f3n ac\u00fastica, como m\u00fasica a alto volumen o conversaciones en voz alta en la terraza.<\/li>\n<\/ul>\n<p><\/p>\n<ul class=\"wp-block-list\">\n<li>En la recepci\u00f3n, todos deben presentar un documento de identidad.<\/li>\n<\/ul>\n<p>La gerencia se reserva el derecho de tomar las medidas apropiadas en caso de incumplimiento de esas condiciones.<\/p>\n<p><\/p>\n<h3 class=\"wp-block-heading\"><strong>Condiciones de venta<\/strong>:<\/h3>\n<p><\/p>\n<p>El uso de esta web implica la plena aceptaci\u00f3n de nuestras condiciones generales. Al usar esta web, usted reconoce que es mayor de edad, que cumple con los requisitos y garantiza la veracidad y precisi\u00f3n de los datos proporcionados. Cualquier uso o delito fraudulento cometido en su nombre o por un tercero puede dar lugar a la cancelaci\u00f3n de nuestros servicios y a una posible compensaci\u00f3n financiera. Estas condiciones generales se aplican a toda la web: reservas y compras de vale de regalo.<\/p>\n<p>En el caso de escoger pago por transferencia bancaria, se le enviar\u00e1 un recordatorio 2 meses antes de la fecha de reserva para realizar su pago.<\/p>\n<p>Se asigna un n\u00famero a cada reserva y le permite consultarla o modificarla.<\/p>\n<p>Los pagos con tarjeta de cr\u00e9dito se realizan a trav\u00e9s de un sistema de pago seguro (redsys).<\/p>\n<p>Cualquier pago irregular, nulo, incompleto o fraudulento por un motivo atribuible al cliente, dar\u00e1 lugar a la cancelaci\u00f3n de la reserva. En este caso, el cliente renuncia a toda acci\u00f3n legal.<\/p>\n<p>Una vez realizado el pago, la confirmaci\u00f3n de su reserva se enviar\u00e1 por correo electr\u00f3nico a la direcci\u00f3n proporcionada. Esto le permitir\u00e1 verificar los detalles de la reserva.<\/p>\n<p>En caso de pago por transferencia internacional, los costos de la transferencia bancaria son a cargo del comprador.<\/p>\n<p>Los precios indicados en nuestro sitio est\u00e1n expresados en euros e incluyen todos los impuestos aplicables. Nuestros precios pueden modificarse en cualquier momento sin ser aplicables a las reservas ya confirmadas, con la excepci\u00f3n de la modificaci\u00f3n de los impuestos legales o reglamentarios establecidos por las autoridades competentes.<\/p>\n<p>Protecci\u00f3n de datos personales: consulte los \u00abavisos legales\u00bb en el pie de la p\u00e1gina.<\/p>\n<p><\/p>\n<h3 class=\"wp-block-heading\" id=\"cancelacion\"><strong>Condiciones de intercambio y cancelaci\u00f3n:<\/strong><\/h3>\n<p><\/p>\n<ul class=\"wp-block-list\">\n<li>Hasta 30 d\u00edas antes de la fecha de su reserva, reembolso del 75%.<\/li>\n<\/ul>\n<p><\/p>\n<ul class=\"wp-block-list\">\n<li>Hasta 15 d\u00edas antes de la fecha de su reserva, reembolso del 50%.<\/li>\n<\/ul>\n<p><\/p>\n<ul class=\"wp-block-list\">\n<li>Menos de 15 d\u00edas antes de la fecha de su reserva, no hay reembolso.<\/li>\n<\/ul>\n<p><\/p>\n<ul class=\"wp-block-list\">\n<li>Puede solicitar una garant\u00eda de cancelaci\u00f3n que cubra el 100% de la reserva por 8 \u20ac. (ver opci\u00f3n \u00abgarant\u00eda adicional\u00bb)<\/li>\n<\/ul>\n<p><\/p>\n<ul class=\"wp-block-list\">\n<li>Los regalos no son reembolsables<\/li>\n<\/ul>\n<p><\/p>\n<p>Se puede realizar un solo cambio de fecha hasta 21 d\u00edas antes de la fecha reservada.<\/p>\n<p><\/p>\t\t\t\t\t\t\t\t<\/div>\n\t\t\t\t<\/div>\n\t\t\t\t\t<\/div>\n\t\t<\/div>\n\t\t\t\t\t<\/div>\n\t\t<\/section>\n\t\t\t\t<\/div>\n\t\t","protected":false},"excerpt":{"rendered":"<p>Condiciones de alojamiento en las caba\u00f1as en los \u00e1rboles: Entrada de 16h a 19:30h, salida antes de las 12h. No est\u00e1 permitida la entrada de ni\u00f1os menores de 10 a\u00f1os en las caba\u00f1as en los \u00e1rboles Las instalaciones no son adecuadas para personas con movilidad reducida No se permiten mascotas. Es obligatorio que al menos [&hellip;]<\/p>\n","protected":false},"author":3,"featured_media":0,"parent":0,"menu_order":0,"comment_status":"closed","ping_status":"closed","template":"","meta":{"footnotes":""},"class_list":["post-972","page","type-page","status-publish","hentry"],"_links":{"self":[{"href":"https:\/\/www.cabanesalsarbres.com\/es\/wp-json\/wp\/v2\/pages\/972","targetHints":{"allow":["GET"]}}],"collection":[{"href":"https:\/\/www.cabanesalsarbres.com\/es\/wp-json\/wp\/v2\/pages"}],"about":[{"href":"https:\/\/www.cabanesalsarbres.com\/es\/wp-json\/wp\/v2\/types\/page"}],"author":[{"embeddable":true,"href":"https:\/\/www.cabanesalsarbres.com\/es\/wp-json\/wp\/v2\/users\/3"}],"replies":[{"embeddable":true,"href":"https:\/\/www.cabanesalsarbres.com\/es\/wp-json\/wp\/v2\/comments?post=972"}],"version-history":[{"count":8,"href":"https:\/\/www.cabanesalsarbres.com\/es\/wp-json\/wp\/v2\/pages\/972\/revisions"}],"predecessor-version":[{"id":4071,"href":"https:\/\/www.cabanesalsarbres.com\/es\/wp-json\/wp\/v2\/pages\/972\/revisions\/4071"}],"wp:attachment":[{"href":"https:\/\/www.cabanesalsarbres.com\/es\/wp-json\/wp\/v2\/media?parent=972"}],"curies":[{"name":"wp","href":"https:\/\/api.w.org\/{rel}","templated":true}]}}