{"id":994,"date":"2020-02-18T11:21:58","date_gmt":"2020-02-18T09:21:58","guid":{"rendered":"http:\/\/cab2.crealogica.eu\/nosotros__trashed\/compromis-ecologic\/"},"modified":"2021-10-26T17:36:58","modified_gmt":"2021-10-26T15:36:58","slug":"compromiso-ecologico","status":"publish","type":"page","link":"https:\/\/www.cabanesalsarbres.com\/es\/nosotros\/compromiso-ecologico\/","title":{"rendered":"Compromiso ecol\u00f3gico"},"content":{"rendered":"\n<h2 class=\"wp-block-heading\">Con una filosof\u00eda respetuosa del medio ambiente, nuestra propuesta sostenible es adaptarnos a la naturaleza. Dejando vuestro veh\u00edculo al parquin, caminareis unos minutos hasta vuestra caba\u00f1a integrada al bosque. \u00a1Y disfrutad en paz de esta inmersi\u00f3n m\u00e1gica en el bosque, al ritmo del canto de los p\u00e1jaros!<\/h2>\n\n\n\n<p><strong>Iluminaci\u00f3n: <\/strong>la mayor\u00eda de las caba\u00f1as no tiene electricidad: iluminamos con l\u00e1mparas recargables que ofrecen una luz c\u00e1lida.<\/p>\n\n\n\n<p><strong>Agua: <\/strong>en la caba\u00f1a encontrareis un lavamanos con una jarra de agua. El agua proviene de nuestro pozo.<\/p>\n\n\n\n<p><strong>Chimenea ecol\u00f3gica: <\/strong>disfrutareis de una chimenea de pared para vuestras cenas y noches de invierno. Utiliza como combustible el Bioetanol. Es un tipo de alcohol org\u00e1nico (proviene de la fermentaci\u00f3n de la remolacha y ca\u00f1a de az\u00facar)<\/p>\n\n\n\n<p><strong>WC ecol\u00f3gico seco: <\/strong>Siguiendo la misma l\u00ednea de preservaci\u00f3n del medio ambiente, nuestros aseos son ecol\u00f3gicos, no utilizamos aseos qu\u00edmicos. Los residuos se devuelven a la naturaleza en forma de abono org\u00e1nico, siguiendo el ciclo natural.<\/p>\n\n\n\n<figure class=\"wp-block-gallery columns-2 is-cropped wp-block-gallery-1 is-layout-flex wp-block-gallery-is-layout-flex\"><ul class=\"blocks-gallery-grid\"><li class=\"blocks-gallery-item\"><figure><img fetchpriority=\"high\" decoding=\"async\" width=\"1024\" height=\"683\" src=\"https:\/\/www.cabanesalsarbres.com\/wp-content\/uploads\/2020\/05\/Cabanes-BR-78-1024x683.jpg\" alt=\"\" data-id=\"2389\" data-full-url=\"http:\/\/cab2.crealogica.eu\/wp-content\/uploads\/2020\/05\/Cabanes-BR-78.jpg\" data-link=\"http:\/\/cab2.crealogica.eu\/es\/nosotros\/compromiso-ecologico\/cabanes-br-78-2\/\" class=\"wp-image-2389\" srcset=\"https:\/\/www.cabanesalsarbres.com\/wp-content\/uploads\/2020\/05\/Cabanes-BR-78-1024x683.jpg 1024w, https:\/\/www.cabanesalsarbres.com\/wp-content\/uploads\/2020\/05\/Cabanes-BR-78-300x200.jpg 300w, https:\/\/www.cabanesalsarbres.com\/wp-content\/uploads\/2020\/05\/Cabanes-BR-78-768x512.jpg 768w, https:\/\/www.cabanesalsarbres.com\/wp-content\/uploads\/2020\/05\/Cabanes-BR-78-1536x1024.jpg 1536w, https:\/\/www.cabanesalsarbres.com\/wp-content\/uploads\/2020\/05\/Cabanes-BR-78-2048x1365.jpg 2048w\" sizes=\"(max-width: 1024px) 100vw, 1024px\" \/><\/figure><\/li><li class=\"blocks-gallery-item\"><figure><img decoding=\"async\" width=\"1024\" height=\"683\" src=\"https:\/\/www.cabanesalsarbres.com\/wp-content\/uploads\/2020\/05\/MG_1930-1024x683.jpg\" alt=\"\" data-id=\"2385\" data-full-url=\"http:\/\/cab2.crealogica.eu\/wp-content\/uploads\/2020\/05\/MG_1930.jpg\" data-link=\"http:\/\/cab2.crealogica.eu\/es\/nosotros\/compromiso-ecologico\/mg_1930-2-2\/\" class=\"wp-image-2385\" srcset=\"https:\/\/www.cabanesalsarbres.com\/wp-content\/uploads\/2020\/05\/MG_1930-1024x683.jpg 1024w, https:\/\/www.cabanesalsarbres.com\/wp-content\/uploads\/2020\/05\/MG_1930-300x200.jpg 300w, https:\/\/www.cabanesalsarbres.com\/wp-content\/uploads\/2020\/05\/MG_1930-768x512.jpg 768w, https:\/\/www.cabanesalsarbres.com\/wp-content\/uploads\/2020\/05\/MG_1930-1536x1024.jpg 1536w, https:\/\/www.cabanesalsarbres.com\/wp-content\/uploads\/2020\/05\/MG_1930-2048x1365.jpg 2048w\" sizes=\"(max-width: 1024px) 100vw, 1024px\" \/><\/figure><\/li><\/ul><\/figure>\n\n\n\n<h3 class=\"wp-block-heading\">Todas las caba\u00f1as est\u00e1n hechas con madera sin tratamiento, se han utilizado las cualidades y las propiedades de la madera de acuerdo con su uso.<\/h3>\n\n\n\n<p>El casta\u00f1o y el cedro rojo aguantan bien las intemperies, por eso se eligieron en el revestimiento exterior.<\/p>\n\n\n\n<p>El abeto Douglas tiene una buena resistencia mec\u00e1nica y se utiliza en la estructura y en el revestimiento interior. Sus trazos rosados \u200b\u200by blancos visten con encanto los techos y paredes y el particular olor de resina que desprende deja un recuerdo inolvidable.<\/p>\n\n\n\n<p>Una capa de fibra de c\u00e1\u00f1amo mezclado con fibra de abeto Douglas aseguran el aislamiento, junto con unas ventanas de doble cristal.<\/p>\n\n\n\n<p>La madera es un aislante t\u00e9rmico natural eficaz, lo cual favorece un consumo eco-responsable en energ\u00eda.<\/p>\n\n\n\n<p>En la mas\u00eda tambi\u00e9n optamos por un manejo ecol\u00f3gico responsable: bombillas de bajo consumo, calefacci\u00f3n de le\u00f1a y por supuesto reciclaje de los residuos.<\/p>\n\n\n\n<p><strong>Spa ecol\u00f3gico: <\/strong>Nuestra zona de spa est\u00e1 tambi\u00e9n en el medio del bosque, en armon\u00eda con el entorno. Consta de una ba\u00f1era de agua y una sauna finlandesa, los dos calentados \u00fanicamente con madera. El agua proviene de nuestro pozo.<\/p>\n\n\n\n<figure class=\"wp-block-image alignfull size-large\"><img decoding=\"async\" width=\"1024\" height=\"683\" src=\"https:\/\/www.cabanesalsarbres.com\/wp-content\/uploads\/2020\/02\/MG_0012-1024x683-1.jpg\" alt=\"\" class=\"wp-image-174\" srcset=\"https:\/\/www.cabanesalsarbres.com\/wp-content\/uploads\/2020\/02\/MG_0012-1024x683-1.jpg 1024w, https:\/\/www.cabanesalsarbres.com\/wp-content\/uploads\/2020\/02\/MG_0012-1024x683-1-300x200.jpg 300w, https:\/\/www.cabanesalsarbres.com\/wp-content\/uploads\/2020\/02\/MG_0012-1024x683-1-768x512.jpg 768w\" sizes=\"(max-width: 1024px) 100vw, 1024px\" \/><\/figure>\n","protected":false},"excerpt":{"rendered":"<p>Con una filosof\u00eda respetuosa del medio ambiente, nuestra propuesta sostenible es adaptarnos a la naturaleza. Dejando vuestro veh\u00edculo al parquin, caminareis unos minutos hasta vuestra caba\u00f1a integrada al bosque. \u00a1Y disfrutad en paz de esta inmersi\u00f3n m\u00e1gica en el bosque, al ritmo del canto de los p\u00e1jaros! Iluminaci\u00f3n: la mayor\u00eda de las caba\u00f1as no tiene [&hellip;]<\/p>\n","protected":false},"author":3,"featured_media":0,"parent":888,"menu_order":0,"comment_status":"closed","ping_status":"closed","template":"","meta":{"footnotes":""},"class_list":["post-994","page","type-page","status-publish","hentry"],"_links":{"self":[{"href":"https:\/\/www.cabanesalsarbres.com\/es\/wp-json\/wp\/v2\/pages\/994","targetHints":{"allow":["GET"]}}],"collection":[{"href":"https:\/\/www.cabanesalsarbres.com\/es\/wp-json\/wp\/v2\/pages"}],"about":[{"href":"https:\/\/www.cabanesalsarbres.com\/es\/wp-json\/wp\/v2\/types\/page"}],"author":[{"embeddable":true,"href":"https:\/\/www.cabanesalsarbres.com\/es\/wp-json\/wp\/v2\/users\/3"}],"replies":[{"embeddable":true,"href":"https:\/\/www.cabanesalsarbres.com\/es\/wp-json\/wp\/v2\/comments?post=994"}],"version-history":[{"count":6,"href":"https:\/\/www.cabanesalsarbres.com\/es\/wp-json\/wp\/v2\/pages\/994\/revisions"}],"predecessor-version":[{"id":5244,"href":"https:\/\/www.cabanesalsarbres.com\/es\/wp-json\/wp\/v2\/pages\/994\/revisions\/5244"}],"up":[{"embeddable":true,"href":"https:\/\/www.cabanesalsarbres.com\/es\/wp-json\/wp\/v2\/pages\/888"}],"wp:attachment":[{"href":"https:\/\/www.cabanesalsarbres.com\/es\/wp-json\/wp\/v2\/media?parent=994"}],"curies":[{"name":"wp","href":"https:\/\/api.w.org\/{rel}","templated":true}]}}