{"id":1889,"date":"2020-02-19T10:38:18","date_gmt":"2020-02-19T08:38:18","guid":{"rendered":"http:\/\/cab2.crealogica.eu\/avis-legal\/"},"modified":"2020-05-14T10:43:22","modified_gmt":"2020-05-14T08:43:22","slug":"mentions-legales","status":"publish","type":"page","link":"https:\/\/www.cabanesalsarbres.com\/fr\/mentions-legales\/","title":{"rendered":"Mentions l\u00e9gales"},"content":{"rendered":"\n<p>Le site internet et le domaine cabanesalsarbres.com sont propri\u00e9t\u00e9 de Ninildu SLU (anciennement NINILDU) avec CIF B55295679 et adresse carretera de Vallclara s \/ n, Sant Hilari Sacalm (CP 17403), \u00e0 l&rsquo;adresse mail info&nbsp;<a href=\"mailto:info@cabanesalsarbres.com\">info@cabanesalsarbres.com<\/a>, souscrit au Registro Mercantil T 3158, F 48, S 8, H GI 62800, I \/ A, el 2\/06\/2017.<\/p>\n\n\n\n<h3 class=\"wp-block-heading\"><strong>PROPRI\u00c9T\u00c9 INTELLECTUELLE ET INDUSTRIELLE<\/strong><\/h3>\n\n\n\n<p>Les droits sur le contenu de ce site, y compris les textes, images, graphismes, marques et autres signes distinctifs (avant quotas), appartiennent \u00e0 NINILDU ou \u00e0 des tiers qui n&rsquo;autorisent pas leur utilisation. NINILDU pr\u00e9sente ce contenu pour communiquer sur ses services et activit\u00e9s. NINILDU autorise l&rsquo;utilisation de quotas pour des utilisations non commerciales tant que la source est clairement indiqu\u00e9e. Si ces quotas sont utilis\u00e9s dans des liens internet, vous devez inclure un lien vers&nbsp;<a href=\"http:\/\/www.cabanesalsarbres.com\/\">http:\/\/www.cabanesalsarbres.com<\/a>. NINILDU se r\u00e9serve le droit d&rsquo;engager une action judiciaire appropri\u00e9e en d\u00e9fense de ses droits de propri\u00e9t\u00e9 intellectuelle ou industrielle.<\/p>\n\n\n\n<p>Aucune publication des contenus de ce site internet n&rsquo;est autoris\u00e9e en dehors de&nbsp;<a href=\"http:\/\/www.cabanesalsarbres.com\/\">http:\/\/www.cabanesalsarbres.com<\/a>.<\/p>\n\n\n\n<h3 class=\"wp-block-heading\"><strong>PROTECTION DES DONNEES<\/strong><\/h3>\n\n\n\n<p>Les donn\u00e9es personnelles qui peuvent \u00eatre obtenues via le formulaire de contact de ce site internet, ou par r\u00e9ception de courriers \u00e9lectroniques, seront trait\u00e9s en appliquant les mesures de s\u00e9curit\u00e9 ad\u00e9quates et seront seulement utilis\u00e9es pour r\u00e9pondre aux demandes d&rsquo;informations. Elles ne sont classifi\u00e9es que dans le cas o\u00f9 une relation commerciale a \u00e9t\u00e9 \u00e9tablie avec NINILDU et toujours apr\u00e8s que la personne concern\u00e9e en a eu connaissance au pr\u00e9alable.<\/p>\n\n\n\n<h3 class=\"wp-block-heading\"><strong>RESPONSABILIT\u00c9 DU CONTENU<\/strong><\/h3>\n\n\n\n<p>Bien que NINILDU agisse avec la plus grande vigilance, il se peut que certaines donn\u00e9es ou informations ne soient pas actualis\u00e9es au moment de la consultation de notre site internet. Pour ces raisons, NINILDU d\u00e9clare que les r\u00e9f\u00e9rences des produits et services pr\u00e9sent\u00e9s sur son site Internet ont une fonction d\u2019orientation et que NINILDU ne sera pas engag\u00e9e avant la r\u00e9alisation expresse d&rsquo;une commande.<\/p>\n\n\n\n<p>NINILDU se r\u00e9serve le droit de modifier, \u00e0 tout moment, sans un avis pr\u00e9alable, la pr\u00e9sentation, la configuration et le contenu du site internet.<\/p>\n\n\n\n<p>NINILDU ne sera pas responsable des informations que vous pourriez rencontrer sur d&rsquo;autres sites internet bien que ces sites aient des liens avec notre propre site internet.<\/p>\n\n\n\n<h3 class=\"wp-block-heading\"><strong>CONDITIONS D&rsquo;UTILISASION<\/strong><\/h3>\n\n\n\n<p>L&rsquo;utilisation de ce site internet implique l&rsquo;acceptation pleine et enti\u00e8re des termes et conditions de ces Mentions L\u00e9gales. Tout litige relatif \u00e0 ce site internet sera r\u00e9gi exclusivement par le droit de l&rsquo;\u00c9tat espagnol. Toute personne qui utilise le site internet, quelle que soit la juridiction territoriale \u00e0 partir de laquelle il y acc\u00e8de, accepte de respecter ces clauses avec renonciation expresse \u00e0 toute autre juridiction qui pourrait s&rsquo;appliquer.<\/p>\n","protected":false},"excerpt":{"rendered":"<p>Le site internet et le domaine cabanesalsarbres.com sont propri\u00e9t\u00e9 de Ninildu SLU (anciennement NINILDU) avec CIF B55295679 et adresse carretera de Vallclara s \/ n, Sant Hilari Sacalm (CP 17403), \u00e0 l&rsquo;adresse mail info&nbsp;info@cabanesalsarbres.com, souscrit au Registro Mercantil T 3158, F 48, S 8, H GI 62800, I \/ A, el 2\/06\/2017. PROPRI\u00c9T\u00c9 INTELLECTUELLE ET [&hellip;]<\/p>\n","protected":false},"author":3,"featured_media":0,"parent":0,"menu_order":0,"comment_status":"closed","ping_status":"closed","template":"","meta":{"footnotes":""},"class_list":["post-1889","page","type-page","status-publish","hentry"],"_links":{"self":[{"href":"https:\/\/www.cabanesalsarbres.com\/fr\/wp-json\/wp\/v2\/pages\/1889","targetHints":{"allow":["GET"]}}],"collection":[{"href":"https:\/\/www.cabanesalsarbres.com\/fr\/wp-json\/wp\/v2\/pages"}],"about":[{"href":"https:\/\/www.cabanesalsarbres.com\/fr\/wp-json\/wp\/v2\/types\/page"}],"author":[{"embeddable":true,"href":"https:\/\/www.cabanesalsarbres.com\/fr\/wp-json\/wp\/v2\/users\/3"}],"replies":[{"embeddable":true,"href":"https:\/\/www.cabanesalsarbres.com\/fr\/wp-json\/wp\/v2\/comments?post=1889"}],"version-history":[{"count":4,"href":"https:\/\/www.cabanesalsarbres.com\/fr\/wp-json\/wp\/v2\/pages\/1889\/revisions"}],"predecessor-version":[{"id":2635,"href":"https:\/\/www.cabanesalsarbres.com\/fr\/wp-json\/wp\/v2\/pages\/1889\/revisions\/2635"}],"wp:attachment":[{"href":"https:\/\/www.cabanesalsarbres.com\/fr\/wp-json\/wp\/v2\/media?parent=1889"}],"curies":[{"name":"wp","href":"https:\/\/api.w.org\/{rel}","templated":true}]}}