{"id":1902,"date":"2020-02-18T11:25:14","date_gmt":"2020-02-18T09:25:14","guid":{"rendered":"http:\/\/cab2.crealogica.eu\/cabana-bosqueta\/"},"modified":"2022-07-01T09:43:16","modified_gmt":"2022-07-01T07:43:16","slug":"cabane-bosqueta","status":"publish","type":"page","link":"https:\/\/www.cabanesalsarbres.com\/fr\/cabane-bosqueta\/","title":{"rendered":"Cabane Bosqueta"},"content":{"rendered":"\t\t<div data-elementor-type=\"wp-page\" data-elementor-id=\"1902\" class=\"elementor elementor-1902 elementor-35\">\n\t\t\t\t\t\t<section class=\"elementor-section elementor-top-section elementor-element elementor-element-0b2f0d6 elementor-section-stretched elementor-section-full_width elementor-section-height-full elementor-section-content-middle elementor-section-items-top elementor-section-height-default\" data-id=\"0b2f0d6\" data-element_type=\"section\" data-e-type=\"section\" data-settings=\"{&quot;stretch_section&quot;:&quot;section-stretched&quot;,&quot;background_background&quot;:&quot;classic&quot;}\">\n\t\t\t\t\t\t\t<div class=\"elementor-background-overlay\"><\/div>\n\t\t\t\t\t\t\t<div class=\"elementor-container elementor-column-gap-default\">\n\t\t\t\t\t<div class=\"elementor-column elementor-col-100 elementor-top-column elementor-element elementor-element-b10e340\" data-id=\"b10e340\" data-element_type=\"column\" data-e-type=\"column\">\n\t\t\t<div class=\"elementor-widget-wrap elementor-element-populated\">\n\t\t\t\t\t\t<section class=\"elementor-section elementor-inner-section elementor-element elementor-element-60ffa97 elementor-section-boxed elementor-section-height-default elementor-section-height-default\" data-id=\"60ffa97\" data-element_type=\"section\" data-e-type=\"section\">\n\t\t\t\t\t\t<div class=\"elementor-container elementor-column-gap-default\">\n\t\t\t\t\t<div class=\"elementor-column elementor-col-100 elementor-inner-column elementor-element elementor-element-df83085\" data-id=\"df83085\" data-element_type=\"column\" data-e-type=\"column\">\n\t\t\t<div class=\"elementor-widget-wrap elementor-element-populated\">\n\t\t\t\t\t\t<div class=\"elementor-element elementor-element-8f03066 animated-slow elementor-invisible elementor-widget elementor-widget-heading\" data-id=\"8f03066\" data-element_type=\"widget\" data-e-type=\"widget\" data-settings=\"{&quot;_animation&quot;:&quot;fadeIn&quot;,&quot;_animation_delay&quot;:15}\" data-widget_type=\"heading.default\">\n\t\t\t\t<div class=\"elementor-widget-container\">\n\t\t\t\t\t<h1 class=\"elementor-heading-title elementor-size-default\">Cabane Bosqueta<\/h1>\t\t\t\t<\/div>\n\t\t\t\t<\/div>\n\t\t\t\t<div class=\"elementor-element elementor-element-87ffcc5 animated-slow elementor-invisible elementor-widget elementor-widget-heading\" data-id=\"87ffcc5\" data-element_type=\"widget\" data-e-type=\"widget\" data-settings=\"{&quot;_animation&quot;:&quot;zoomIn&quot;,&quot;_animation_delay&quot;:30}\" data-widget_type=\"heading.default\">\n\t\t\t\t<div class=\"elementor-widget-container\">\n\t\t\t\t\t<div class=\"elementor-heading-title elementor-size-default\">Capacit\u00e9: 2 personnes<\/div>\t\t\t\t<\/div>\n\t\t\t\t<\/div>\n\t\t\t\t\t<\/div>\n\t\t<\/div>\n\t\t\t\t\t<\/div>\n\t\t<\/section>\n\t\t\t\t\t<\/div>\n\t\t<\/div>\n\t\t\t\t\t<\/div>\n\t\t<\/section>\n\t\t\t\t<section class=\"elementor-section elementor-top-section elementor-element elementor-element-7f73077 elementor-section-boxed elementor-section-height-default elementor-section-height-default\" data-id=\"7f73077\" data-element_type=\"section\" data-e-type=\"section\">\n\t\t\t\t\t\t\t<div class=\"elementor-background-overlay\"><\/div>\n\t\t\t\t\t\t\t<div class=\"elementor-container elementor-column-gap-default\">\n\t\t\t\t\t<div class=\"elementor-column elementor-col-100 elementor-top-column elementor-element elementor-element-fcc52e7\" data-id=\"fcc52e7\" data-element_type=\"column\" data-e-type=\"column\">\n\t\t\t<div class=\"elementor-widget-wrap elementor-element-populated\">\n\t\t\t\t\t\t<div class=\"elementor-element elementor-element-ac99ae2 elementor-invisible elementor-widget elementor-widget-heading\" data-id=\"ac99ae2\" data-element_type=\"widget\" data-e-type=\"widget\" data-settings=\"{&quot;_animation&quot;:&quot;fadeIn&quot;}\" data-widget_type=\"heading.default\">\n\t\t\t\t<div class=\"elementor-widget-container\">\n\t\t\t\t\t<h2 class=\"elementor-heading-title elementor-size-default\">Cabane entre 2 arbres. Acc\u00e8s par \u00e9chelle verticale.<\/h2>\t\t\t\t<\/div>\n\t\t\t\t<\/div>\n\t\t\t\t<div class=\"elementor-element elementor-element-83eb17c animated-fast elementor-arrows-position-outside elementor-invisible elementor-widget elementor-widget-image-carousel\" data-id=\"83eb17c\" data-element_type=\"widget\" data-e-type=\"widget\" data-settings=\"{&quot;slides_to_show&quot;:&quot;6&quot;,&quot;navigation&quot;:&quot;arrows&quot;,&quot;_animation&quot;:&quot;fadeInLeft&quot;,&quot;_animation_delay&quot;:50,&quot;slides_to_show_mobile&quot;:&quot;1&quot;,&quot;autoplay&quot;:&quot;yes&quot;,&quot;pause_on_hover&quot;:&quot;yes&quot;,&quot;pause_on_interaction&quot;:&quot;yes&quot;,&quot;autoplay_speed&quot;:5000,&quot;infinite&quot;:&quot;yes&quot;,&quot;speed&quot;:500}\" data-widget_type=\"image-carousel.default\">\n\t\t\t\t<div class=\"elementor-widget-container\">\n\t\t\t\t\t\t\t<div class=\"elementor-image-carousel-wrapper swiper\" role=\"region\" aria-roledescription=\"carousel\" aria-label=\"Carrousel d\u2019images\" dir=\"rtl\">\n\t\t\t<div class=\"elementor-image-carousel swiper-wrapper\" aria-live=\"off\">\n\t\t\t\t\t\t\t\t<div class=\"swiper-slide\" role=\"group\" aria-roledescription=\"slide\" aria-label=\"1 sur 10\"><figure class=\"swiper-slide-inner\"><img decoding=\"async\" class=\"swiper-slide-image\" src=\"https:\/\/www.cabanesalsarbres.com\/wp-content\/uploads\/elementor\/thumbs\/plate_7c64a258-oqq0cfyh2sa5qktizhcp5cko2n8rtglwl4auobwp6c.png\" alt=\"Petit d\u00e9jeuner\" \/><figcaption class=\"elementor-image-carousel-caption\">Petit d\u00e9jeuner<\/figcaption><\/figure><\/div><div class=\"swiper-slide\" role=\"group\" aria-roledescription=\"slide\" aria-label=\"2 sur 10\"><figure class=\"swiper-slide-inner\"><img decoding=\"async\" class=\"swiper-slide-image\" src=\"https:\/\/www.cabanesalsarbres.com\/wp-content\/uploads\/elementor\/thumbs\/towel_c09df5d6-oqq0cfyh2sa5qktizhcp5cko2n8rtglwl4auobwp6c.png\" alt=\"Draps, couvertures et serviettes\" \/><figcaption class=\"elementor-image-carousel-caption\">Draps, couvertures et serviettes<\/figcaption><\/figure><\/div><div class=\"swiper-slide\" role=\"group\" aria-roledescription=\"slide\" aria-label=\"3 sur 10\"><figure class=\"swiper-slide-inner\"><img decoding=\"async\" class=\"swiper-slide-image\" src=\"https:\/\/www.cabanesalsarbres.com\/wp-content\/uploads\/elementor\/thumbs\/water_c06312f0-oqq0cfyh2sa5qktizhcp5cko2n8rtglwl4auobwp6c.png\" alt=\"Bouteille d&#039;eau min\u00e9rale\" \/><figcaption class=\"elementor-image-carousel-caption\">Bouteille d'eau min\u00e9rale<\/figcaption><\/figure><\/div><div class=\"swiper-slide\" role=\"group\" aria-roledescription=\"slide\" aria-label=\"4 sur 10\"><figure class=\"swiper-slide-inner\"><img decoding=\"async\" class=\"swiper-slide-image\" src=\"https:\/\/www.cabanesalsarbres.com\/wp-content\/uploads\/elementor\/thumbs\/lamp-oil_d6d9bb98-oqq0cfyh2sa5qktizhcp5cko2n8rtglwl4auobwp6c.png\" alt=\"Lampes rechargeables\" \/><figcaption class=\"elementor-image-carousel-caption\">Lampes rechargeables<\/figcaption><\/figure><\/div><div class=\"swiper-slide\" role=\"group\" aria-roledescription=\"slide\" aria-label=\"5 sur 10\"><figure class=\"swiper-slide-inner\"><img decoding=\"async\" class=\"swiper-slide-image\" src=\"https:\/\/www.cabanesalsarbres.com\/wp-content\/uploads\/elementor\/thumbs\/fireplace_5b9d5acb-oqq0cfyh2sa5qktizhcp5cko2n8rtglwl4auobwp6c.png\" alt=\"Chemin\u00e9e \u00e9cologique murale\" \/><figcaption class=\"elementor-image-carousel-caption\">Chemin\u00e9e \u00e9cologique murale<\/figcaption><\/figure><\/div><div class=\"swiper-slide\" role=\"group\" aria-roledescription=\"slide\" aria-label=\"6 sur 10\"><figure class=\"swiper-slide-inner\"><img decoding=\"async\" class=\"swiper-slide-image\" src=\"https:\/\/www.cabanesalsarbres.com\/wp-content\/uploads\/elementor\/thumbs\/toilet_adedb3a8-oqq0cfyh2sa5qktizhcp5cko2n8rtglwl4auobwp6c.png\" alt=\"Toilette s\u00e8che\" \/><figcaption class=\"elementor-image-carousel-caption\">Toilette s\u00e8che<\/figcaption><\/figure><\/div><div class=\"swiper-slide\" role=\"group\" aria-roledescription=\"slide\" aria-label=\"7 sur 10\"><figure class=\"swiper-slide-inner\"><img decoding=\"async\" class=\"swiper-slide-image\" src=\"https:\/\/www.cabanesalsarbres.com\/wp-content\/uploads\/elementor\/thumbs\/shower_b288e7de-oqq0cfyh2sa5qktizhcp5cko2n8rtglwl4auobwp6c.png\" alt=\"Douche au mas\" \/><figcaption class=\"elementor-image-carousel-caption\">Douche au mas<\/figcaption><\/figure><\/div><div class=\"swiper-slide\" role=\"group\" aria-roledescription=\"slide\" aria-label=\"8 sur 10\"><figure class=\"swiper-slide-inner\"><img decoding=\"async\" class=\"swiper-slide-image\" src=\"https:\/\/www.cabanesalsarbres.com\/wp-content\/uploads\/elementor\/thumbs\/soft-drink_66701a29-oqq0cfyh2sa5qktizhcp5cko2n8rtglwl4auobwp6c.png\" alt=\"Bar, salon avec chemin\u00e9e, au mas\" \/><figcaption class=\"elementor-image-carousel-caption\">Bar, salon avec chemin\u00e9e, au mas<\/figcaption><\/figure><\/div><div class=\"swiper-slide\" role=\"group\" aria-roledescription=\"slide\" aria-label=\"9 sur 10\"><figure class=\"swiper-slide-inner\"><img decoding=\"async\" class=\"swiper-slide-image\" src=\"https:\/\/www.cabanesalsarbres.com\/wp-content\/uploads\/elementor\/thumbs\/wifi_38105713-oqq0cfyh2sa5qktizhcp5cko2n8rtglwl4auobwp6c.png\" alt=\"Wifi gratuit, au mas\" \/><figcaption class=\"elementor-image-carousel-caption\">Wifi gratuit, au mas<\/figcaption><\/figure><\/div><div class=\"swiper-slide\" role=\"group\" aria-roledescription=\"slide\" aria-label=\"10 sur 10\"><figure class=\"swiper-slide-inner\"><img decoding=\"async\" class=\"swiper-slide-image\" src=\"https:\/\/www.cabanesalsarbres.com\/wp-content\/uploads\/elementor\/thumbs\/swimming-pool_d516a360-oqq0cfyh2sa5qktizhcp5cko2n8rtglwl4auobwp6c.png\" alt=\"Piscine, mois d&#039;\u00e9t\u00e9\" \/><figcaption class=\"elementor-image-carousel-caption\">Piscine, mois d'\u00e9t\u00e9<\/figcaption><\/figure><\/div>\t\t\t<\/div>\n\t\t\t\t\t\t\t\t\t\t\t\t<div class=\"elementor-swiper-button elementor-swiper-button-prev\" role=\"button\" tabindex=\"0\">\n\t\t\t\t\t\t<i aria-hidden=\"true\" class=\"eicon-chevron-left\"><\/i>\t\t\t\t\t<\/div>\n\t\t\t\t\t<div class=\"elementor-swiper-button elementor-swiper-button-next\" role=\"button\" tabindex=\"0\">\n\t\t\t\t\t\t<i aria-hidden=\"true\" class=\"eicon-chevron-right\"><\/i>\t\t\t\t\t<\/div>\n\t\t\t\t\n\t\t\t\t\t\t\t\t\t<\/div>\n\t\t\t\t\t\t<\/div>\n\t\t\t\t<\/div>\n\t\t\t\t\t<\/div>\n\t\t<\/div>\n\t\t\t\t\t<\/div>\n\t\t<\/section>\n\t\t\t\t<section class=\"elementor-section elementor-top-section elementor-element elementor-element-2532d46 elementor-section-stretched elementor-section-full_width elementor-section-content-middle elementor-section-height-default elementor-section-height-default\" data-id=\"2532d46\" data-element_type=\"section\" data-e-type=\"section\" data-settings=\"{&quot;stretch_section&quot;:&quot;section-stretched&quot;,&quot;background_background&quot;:&quot;classic&quot;}\">\n\t\t\t\t\t\t<div class=\"elementor-container elementor-column-gap-no\">\n\t\t\t\t\t<div class=\"elementor-column elementor-col-100 elementor-top-column elementor-element elementor-element-9baf7dd\" data-id=\"9baf7dd\" data-element_type=\"column\" data-e-type=\"column\">\n\t\t\t<div class=\"elementor-widget-wrap elementor-element-populated\">\n\t\t\t\t\t\t<div class=\"elementor-element elementor-element-dd535cc responsive elementor-invisible elementor-widget elementor-widget-image-carousel\" data-id=\"dd535cc\" data-element_type=\"widget\" data-e-type=\"widget\" data-settings=\"{&quot;slides_to_show&quot;:&quot;9&quot;,&quot;navigation&quot;:&quot;none&quot;,&quot;_animation&quot;:&quot;zoomIn&quot;,&quot;slides_to_scroll&quot;:&quot;1&quot;,&quot;autoplay&quot;:&quot;yes&quot;,&quot;pause_on_hover&quot;:&quot;yes&quot;,&quot;pause_on_interaction&quot;:&quot;yes&quot;,&quot;autoplay_speed&quot;:5000,&quot;infinite&quot;:&quot;yes&quot;,&quot;speed&quot;:500}\" data-widget_type=\"image-carousel.default\">\n\t\t\t\t<div class=\"elementor-widget-container\">\n\t\t\t\t\t\t\t<div class=\"elementor-image-carousel-wrapper swiper\" role=\"region\" aria-roledescription=\"carousel\" aria-label=\"Carrousel d\u2019images\" dir=\"ltr\">\n\t\t\t<div class=\"elementor-image-carousel swiper-wrapper\" aria-live=\"off\">\n\t\t\t\t\t\t\t\t<div class=\"swiper-slide\" role=\"group\" aria-roledescription=\"slide\" aria-label=\"1 sur 6\"><a data-elementor-open-lightbox=\"yes\" data-elementor-lightbox-slideshow=\"dd535cc\" data-elementor-lightbox-title=\"Cabanes dans les arbres | Meilleure location Glamping Catalogne\" data-e-action-hash=\"#elementor-action%3Aaction%3Dlightbox%26settings%3DeyJpZCI6NTcxMSwidXJsIjoiaHR0cHM6XC9cL3d3dy5jYWJhbmVzYWxzYXJicmVzLmNvbVwvd3AtY29udGVudFwvdXBsb2Fkc1wvMjAyMlwvMDdcL0Jvc3F1ZXRhX2JhamEtMS5qcGciLCJzbGlkZXNob3ciOiJkZDUzNWNjIn0%3D\" href=\"https:\/\/www.cabanesalsarbres.com\/wp-content\/uploads\/2022\/07\/Bosqueta_baja-1.jpg\"><figure class=\"swiper-slide-inner\"><img decoding=\"async\" class=\"swiper-slide-image\" src=\"https:\/\/www.cabanesalsarbres.com\/wp-content\/uploads\/elementor\/thumbs\/Bosqueta_baja-1-pr41ygnh5oqh57qk1zjt6jkzr8r901vvnoj38n5wsk.jpg\" alt=\"Cabanes als arbres | Millor lloguer Glamping Catalunya\" \/><\/figure><\/a><\/div><div class=\"swiper-slide\" role=\"group\" aria-roledescription=\"slide\" aria-label=\"2 sur 6\"><a data-elementor-open-lightbox=\"yes\" data-elementor-lightbox-slideshow=\"dd535cc\" data-elementor-lightbox-title=\"Cabanes dans les arbres | Meilleure location Glamping Catalogne\" data-e-action-hash=\"#elementor-action%3Aaction%3Dlightbox%26settings%3DeyJpZCI6NTcxNSwidXJsIjoiaHR0cHM6XC9cL3d3dy5jYWJhbmVzYWxzYXJicmVzLmNvbVwvd3AtY29udGVudFwvdXBsb2Fkc1wvMjAyMlwvMDdcL0Jvc3F1ZXRhX2JhamEtMi5qcGciLCJzbGlkZXNob3ciOiJkZDUzNWNjIn0%3D\" href=\"https:\/\/www.cabanesalsarbres.com\/wp-content\/uploads\/2022\/07\/Bosqueta_baja-2.jpg\"><figure class=\"swiper-slide-inner\"><img decoding=\"async\" class=\"swiper-slide-image\" src=\"https:\/\/www.cabanesalsarbres.com\/wp-content\/uploads\/elementor\/thumbs\/Bosqueta_baja-2-pr41yo66od0rq3fmu2stqhooibq6pmpqcpqz2uures.jpg\" alt=\"Cabanes als arbres | Millor lloguer Glamping Catalunya\" \/><\/figure><\/a><\/div><div class=\"swiper-slide\" role=\"group\" aria-roledescription=\"slide\" aria-label=\"3 sur 6\"><a data-elementor-open-lightbox=\"yes\" data-elementor-lightbox-slideshow=\"dd535cc\" data-elementor-lightbox-title=\"Cabanes dans les arbres | Meilleure location Glamping Catalogne\" data-e-action-hash=\"#elementor-action%3Aaction%3Dlightbox%26settings%3DeyJpZCI6NTcxOSwidXJsIjoiaHR0cHM6XC9cL3d3dy5jYWJhbmVzYWxzYXJicmVzLmNvbVwvd3AtY29udGVudFwvdXBsb2Fkc1wvMjAyMlwvMDdcL0Jvc3F1ZXRhX2JhamEtNS5qcGciLCJzbGlkZXNob3ciOiJkZDUzNWNjIn0%3D\" href=\"https:\/\/www.cabanesalsarbres.com\/wp-content\/uploads\/2022\/07\/Bosqueta_baja-5.jpg\"><figure class=\"swiper-slide-inner\"><img decoding=\"async\" class=\"swiper-slide-image\" src=\"https:\/\/www.cabanesalsarbres.com\/wp-content\/uploads\/elementor\/thumbs\/Bosqueta_baja-5-pr41yur2079rzd62rnn7py0wo0tr7ifupmbdfsl078.jpg\" alt=\"Cabanes als arbres | Millor lloguer Glamping Catalunya\" \/><\/figure><\/a><\/div><div class=\"swiper-slide\" role=\"group\" aria-roledescription=\"slide\" aria-label=\"4 sur 6\"><a data-elementor-open-lightbox=\"yes\" data-elementor-lightbox-slideshow=\"dd535cc\" data-elementor-lightbox-title=\"Cabanes dans les arbres | Meilleure location Glamping Catalogne\" data-e-action-hash=\"#elementor-action%3Aaction%3Dlightbox%26settings%3DeyJpZCI6NTcyMywidXJsIjoiaHR0cHM6XC9cL3d3dy5jYWJhbmVzYWxzYXJicmVzLmNvbVwvd3AtY29udGVudFwvdXBsb2Fkc1wvMjAyMlwvMDdcL0Jvc3F1ZXRhX2JhamEtOC5qcGciLCJzbGlkZXNob3ciOiJkZDUzNWNjIn0%3D\" href=\"https:\/\/www.cabanesalsarbres.com\/wp-content\/uploads\/2022\/07\/Bosqueta_baja-8.jpg\"><figure class=\"swiper-slide-inner\"><img decoding=\"async\" class=\"swiper-slide-image\" src=\"https:\/\/www.cabanesalsarbres.com\/wp-content\/uploads\/elementor\/thumbs\/Bosqueta_baja-8-pr41z0e357hhx0xvuq2z4wlo8c1yhp28qe8abgcn5w.jpg\" alt=\"Cabanes als arbres | Millor lloguer Glamping Catalunya\" \/><\/figure><\/a><\/div><div class=\"swiper-slide\" role=\"group\" aria-roledescription=\"slide\" aria-label=\"5 sur 6\"><a data-elementor-open-lightbox=\"yes\" data-elementor-lightbox-slideshow=\"dd535cc\" data-elementor-lightbox-title=\"Cabanes dans les arbres | Meilleure location Glamping Catalogne\" data-e-action-hash=\"#elementor-action%3Aaction%3Dlightbox%26settings%3DeyJpZCI6NTcyNywidXJsIjoiaHR0cHM6XC9cL3d3dy5jYWJhbmVzYWxzYXJicmVzLmNvbVwvd3AtY29udGVudFwvdXBsb2Fkc1wvMjAyMlwvMDdcL01HXzE4NzctMS5qcGciLCJzbGlkZXNob3ciOiJkZDUzNWNjIn0%3D\" href=\"https:\/\/www.cabanesalsarbres.com\/wp-content\/uploads\/2022\/07\/MG_1877-1.jpg\"><figure class=\"swiper-slide-inner\"><img decoding=\"async\" class=\"swiper-slide-image\" src=\"https:\/\/www.cabanesalsarbres.com\/wp-content\/uploads\/elementor\/thumbs\/MG_1877-1-pr41z53a3dnxj2r23a43zdez79esk6kwf1hppu5oas.jpg\" alt=\"Cabanes als arbres | Millor lloguer Glamping Catalunya\" \/><\/figure><\/a><\/div><div class=\"swiper-slide\" role=\"group\" aria-roledescription=\"slide\" aria-label=\"6 sur 6\"><a data-elementor-open-lightbox=\"yes\" data-elementor-lightbox-slideshow=\"dd535cc\" data-elementor-lightbox-title=\"Cabanes dans les arbres | Meilleure location Glamping Catalogne\" data-e-action-hash=\"#elementor-action%3Aaction%3Dlightbox%26settings%3DeyJpZCI6NTczMSwidXJsIjoiaHR0cHM6XC9cL3d3dy5jYWJhbmVzYWxzYXJicmVzLmNvbVwvd3AtY29udGVudFwvdXBsb2Fkc1wvMjAyMlwvMDdcL01HXzE5MzAuanBnIiwic2xpZGVzaG93IjoiZGQ1MzVjYyJ9\" href=\"https:\/\/www.cabanesalsarbres.com\/wp-content\/uploads\/2022\/07\/MG_1930.jpg\"><figure class=\"swiper-slide-inner\"><img decoding=\"async\" class=\"swiper-slide-image\" src=\"https:\/\/www.cabanesalsarbres.com\/wp-content\/uploads\/elementor\/thumbs\/MG_1930-pr41ysvdmj77c58t2mtykyhzh930s48e1d0eh8nsjo.jpg\" alt=\"Cabanes als arbres | Millor lloguer Glamping Catalunya\" \/><\/figure><\/a><\/div>\t\t\t<\/div>\n\t\t\t\t\t\t\t\n\t\t\t\t\t\t\t\t\t<\/div>\n\t\t\t\t\t\t<\/div>\n\t\t\t\t<\/div>\n\t\t\t\t\t<\/div>\n\t\t<\/div>\n\t\t\t\t\t<\/div>\n\t\t<\/section>\n\t\t\t\t<section class=\"elementor-section elementor-top-section elementor-element elementor-element-4e43342 elementor-section-stretched elementor-section-full_width elementor-section-content-middle elementor-section-height-default elementor-section-height-default\" data-id=\"4e43342\" data-element_type=\"section\" data-e-type=\"section\" data-settings=\"{&quot;stretch_section&quot;:&quot;section-stretched&quot;,&quot;background_background&quot;:&quot;classic&quot;}\">\n\t\t\t\t\t\t<div class=\"elementor-container elementor-column-gap-no\">\n\t\t\t\t\t<div class=\"elementor-column elementor-col-100 elementor-top-column elementor-element elementor-element-7851e82\" data-id=\"7851e82\" data-element_type=\"column\" data-e-type=\"column\">\n\t\t\t<div class=\"elementor-widget-wrap elementor-element-populated\">\n\t\t\t\t\t\t<section class=\"elementor-section elementor-inner-section elementor-element elementor-element-fe7dd8a elementor-section-full_width elementor-section-content-middle elementor-section-height-min-height elementor-section-height-default\" data-id=\"fe7dd8a\" data-element_type=\"section\" data-e-type=\"section\">\n\t\t\t\t\t\t<div class=\"elementor-container elementor-column-gap-no\">\n\t\t\t\t\t<div class=\"elementor-column elementor-col-50 elementor-inner-column elementor-element elementor-element-812533c elementor-hidden-phone\" data-id=\"812533c\" data-element_type=\"column\" data-e-type=\"column\" data-settings=\"{&quot;background_background&quot;:&quot;slideshow&quot;,&quot;background_slideshow_gallery&quot;:[{&quot;id&quot;:5729,&quot;url&quot;:&quot;https:\\\/\\\/www.cabanesalsarbres.com\\\/wp-content\\\/uploads\\\/2022\\\/07\\\/MG_1930.jpg&quot;},{&quot;id&quot;:5725,&quot;url&quot;:&quot;https:\\\/\\\/www.cabanesalsarbres.com\\\/wp-content\\\/uploads\\\/2022\\\/07\\\/MG_1877-1.jpg&quot;},{&quot;id&quot;:5721,&quot;url&quot;:&quot;https:\\\/\\\/www.cabanesalsarbres.com\\\/wp-content\\\/uploads\\\/2022\\\/07\\\/Bosqueta_baja-8.jpg&quot;},{&quot;id&quot;:5717,&quot;url&quot;:&quot;https:\\\/\\\/www.cabanesalsarbres.com\\\/wp-content\\\/uploads\\\/2022\\\/07\\\/Bosqueta_baja-5.jpg&quot;},{&quot;id&quot;:5713,&quot;url&quot;:&quot;https:\\\/\\\/www.cabanesalsarbres.com\\\/wp-content\\\/uploads\\\/2022\\\/07\\\/Bosqueta_baja-2.jpg&quot;},{&quot;id&quot;:5709,&quot;url&quot;:&quot;https:\\\/\\\/www.cabanesalsarbres.com\\\/wp-content\\\/uploads\\\/2022\\\/07\\\/Bosqueta_baja-1.jpg&quot;}],&quot;background_slideshow_ken_burns&quot;:&quot;yes&quot;,&quot;background_slideshow_loop&quot;:&quot;yes&quot;,&quot;background_slideshow_slide_duration&quot;:5000,&quot;background_slideshow_slide_transition&quot;:&quot;fade&quot;,&quot;background_slideshow_transition_duration&quot;:500,&quot;background_slideshow_ken_burns_zoom_direction&quot;:&quot;in&quot;}\">\n\t\t\t<div class=\"elementor-widget-wrap\">\n\t\t\t\t\t\t\t<\/div>\n\t\t<\/div>\n\t\t\t\t<div class=\"elementor-column elementor-col-50 elementor-inner-column elementor-element elementor-element-62fa504\" data-id=\"62fa504\" data-element_type=\"column\" data-e-type=\"column\">\n\t\t\t<div class=\"elementor-widget-wrap elementor-element-populated\">\n\t\t\t\t\t\t<div class=\"elementor-element elementor-element-f65c05c elementor-invisible elementor-widget elementor-widget-heading\" data-id=\"f65c05c\" data-element_type=\"widget\" data-e-type=\"widget\" data-settings=\"{&quot;_animation&quot;:&quot;fadeIn&quot;}\" data-widget_type=\"heading.default\">\n\t\t\t\t<div class=\"elementor-widget-container\">\n\t\t\t\t\t<div class=\"elementor-heading-title elementor-size-default\"><ul>\n<li><b>Petit d\u00e9jeuner inclus<\/b><\/li>\n<li> <b> Lit: <\/b> 205 cm de diam\u00e8tre, lit rond. <\/li>\n<li> <b> Hauteur: <\/b> 4 m\u00e8tres <\/li>\n<li> <b> Dimensions: <\/b> 20 m\u00b2 int\u00e9rieur, 10 m\u00b2 de terrasse. <\/li>\n<li> <b> Vues: <\/b> collines de Sant Hilari Sacalm <\/li>\n<li> <b> Distance du mas: <\/b> 1000 m\u00e8tres <\/li>\n<li> <b> Dur\u00e9e de l'itin\u00e9raire: <\/b> 18 minutes <\/li>\n<li> <b> Possibilit\u00e9 de se garer \u00e0 proximit\u00e9: <\/b> non <\/li>\n<\/ul><\/div>\t\t\t\t<\/div>\n\t\t\t\t<\/div>\n\t\t\t\t<div class=\"elementor-element elementor-element-1455610 elementor-button-danger elementor-align-justify elementor-widget__width-inherit elementor-invisible elementor-widget elementor-widget-button\" data-id=\"1455610\" data-element_type=\"widget\" data-e-type=\"widget\" data-settings=\"{&quot;_animation&quot;:&quot;slideInDown&quot;}\" data-widget_type=\"button.default\">\n\t\t\t\t<div class=\"elementor-widget-container\">\n\t\t\t\t\t\t\t\t\t<div class=\"elementor-button-wrapper\">\n\t\t\t\t\t<a class=\"elementor-button elementor-button-link elementor-size-xl elementor-animation-buzz-out\" href=\"\/reserva\/?cabana=2\">\n\t\t\t\t\t\t<span class=\"elementor-button-content-wrapper\">\n\t\t\t\t\t\t\t\t\t<span class=\"elementor-button-text\">RESERVER<\/span>\n\t\t\t\t\t<\/span>\n\t\t\t\t\t<\/a>\n\t\t\t\t<\/div>\n\t\t\t\t\t\t\t\t<\/div>\n\t\t\t\t<\/div>\n\t\t\t\t<div class=\"elementor-element elementor-element-6deab8b elementor-widget elementor-widget-image\" data-id=\"6deab8b\" data-element_type=\"widget\" data-e-type=\"widget\" data-widget_type=\"image.default\">\n\t\t\t\t<div class=\"elementor-widget-container\">\n\t\t\t\t\t\t\t\t\t\t\t\t\t\t\t<img decoding=\"async\" src=\"https:\/\/www.cabanesalsarbres.com\/wp-content\/uploads\/elementor\/thumbs\/magia_pict-1-oqq0cfyh2sa5qktizhcp5cko2n8rtglwl4auobwp6c.png\" title=\"magia_pict\" alt=\"Pack M\u00e0gia\" loading=\"lazy\" \/>\t\t\t\t\t\t\t\t\t\t\t\t\t\t\t<\/div>\n\t\t\t\t<\/div>\n\t\t\t\t<div class=\"elementor-element elementor-element-cdf2c0d elementor-widget elementor-widget-heading\" data-id=\"cdf2c0d\" data-element_type=\"widget\" data-e-type=\"widget\" data-widget_type=\"heading.default\">\n\t\t\t\t<div class=\"elementor-widget-container\">\n\t\t\t\t\t<h3 class=\"elementor-heading-title elementor-size-default\"><!--Check-in partir de les 16:00 fins les 20h, Check-out fins a les 12:30.-->\nCabane Magie \u00e0 partir de 179 \u20ac<\/h3>\t\t\t\t<\/div>\n\t\t\t\t<\/div>\n\t\t\t\t<div class=\"elementor-element elementor-element-5c3a1ea elementor-button-danger elementor-align-justify elementor-widget__width-inherit elementor-invisible elementor-widget elementor-widget-button\" data-id=\"5c3a1ea\" data-element_type=\"widget\" data-e-type=\"widget\" data-settings=\"{&quot;_animation&quot;:&quot;slideInUp&quot;}\" data-widget_type=\"button.default\">\n\t\t\t\t<div class=\"elementor-widget-container\">\n\t\t\t\t\t\t\t\t\t<div class=\"elementor-button-wrapper\">\n\t\t\t\t\t<a class=\"elementor-button elementor-button-link elementor-size-xl elementor-animation-grow\" href=\"\/reserva\/?regal=2&#038;cabana=2\">\n\t\t\t\t\t\t<span class=\"elementor-button-content-wrapper\">\n\t\t\t\t\t\t\t\t\t<span class=\"elementor-button-text\">OFFRIR<\/span>\n\t\t\t\t\t<\/span>\n\t\t\t\t\t<\/a>\n\t\t\t\t<\/div>\n\t\t\t\t\t\t\t\t<\/div>\n\t\t\t\t<\/div>\n\t\t\t\t\t<\/div>\n\t\t<\/div>\n\t\t\t\t\t<\/div>\n\t\t<\/section>\n\t\t\t\t\t<\/div>\n\t\t<\/div>\n\t\t\t\t\t<\/div>\n\t\t<\/section>\n\t\t\t\t<\/div>\n\t\t","protected":false},"excerpt":{"rendered":"<p>Cabane Bosqueta Capacit\u00e9: 2 personnes Cabane entre 2 arbres. Acc\u00e8s par \u00e9chelle verticale. Petit d\u00e9jeuner Draps, couvertures et serviettes Bouteille d&rsquo;eau min\u00e9rale Lampes rechargeables Chemin\u00e9e \u00e9cologique murale Toilette s\u00e8che Douche au mas Bar, salon avec chemin\u00e9e, au mas Wifi gratuit, au mas Piscine, mois d&rsquo;\u00e9t\u00e9 Anterior Seg\u00fcent Petit d\u00e9jeuner inclus Lit: 205 cm de diam\u00e8tre, [&hellip;]<\/p>\n","protected":false},"author":3,"featured_media":0,"parent":0,"menu_order":0,"comment_status":"closed","ping_status":"closed","template":"elementor_header_footer","meta":{"footnotes":""},"class_list":["post-1902","page","type-page","status-publish","hentry"],"_links":{"self":[{"href":"https:\/\/www.cabanesalsarbres.com\/fr\/wp-json\/wp\/v2\/pages\/1902","targetHints":{"allow":["GET"]}}],"collection":[{"href":"https:\/\/www.cabanesalsarbres.com\/fr\/wp-json\/wp\/v2\/pages"}],"about":[{"href":"https:\/\/www.cabanesalsarbres.com\/fr\/wp-json\/wp\/v2\/types\/page"}],"author":[{"embeddable":true,"href":"https:\/\/www.cabanesalsarbres.com\/fr\/wp-json\/wp\/v2\/users\/3"}],"replies":[{"embeddable":true,"href":"https:\/\/www.cabanesalsarbres.com\/fr\/wp-json\/wp\/v2\/comments?post=1902"}],"version-history":[{"count":21,"href":"https:\/\/www.cabanesalsarbres.com\/fr\/wp-json\/wp\/v2\/pages\/1902\/revisions"}],"predecessor-version":[{"id":5984,"href":"https:\/\/www.cabanesalsarbres.com\/fr\/wp-json\/wp\/v2\/pages\/1902\/revisions\/5984"}],"wp:attachment":[{"href":"https:\/\/www.cabanesalsarbres.com\/fr\/wp-json\/wp\/v2\/media?parent=1902"}],"curies":[{"name":"wp","href":"https:\/\/api.w.org\/{rel}","templated":true}]}}