{"id":1950,"date":"2020-02-19T10:46:12","date_gmt":"2020-02-19T08:46:12","guid":{"rendered":"http:\/\/cab2.crealogica.eu\/condicions-generals\/"},"modified":"2020-10-13T14:17:56","modified_gmt":"2020-10-13T12:17:56","slug":"conditions-generales","status":"publish","type":"page","link":"https:\/\/www.cabanesalsarbres.com\/fr\/conditions-generales\/","title":{"rendered":"Conditions g\u00e9n\u00e9rales"},"content":{"rendered":"\t\t<div data-elementor-type=\"wp-page\" data-elementor-id=\"1950\" class=\"elementor elementor-1950 elementor-163\">\n\t\t\t\t\t\t<section class=\"elementor-section elementor-top-section elementor-element elementor-element-20d986db elementor-section-boxed elementor-section-height-default elementor-section-height-default\" data-id=\"20d986db\" data-element_type=\"section\" data-e-type=\"section\">\n\t\t\t\t\t\t<div class=\"elementor-container elementor-column-gap-default\">\n\t\t\t\t\t<div class=\"elementor-column elementor-col-100 elementor-top-column elementor-element elementor-element-e95b553\" data-id=\"e95b553\" data-element_type=\"column\" data-e-type=\"column\">\n\t\t\t<div class=\"elementor-widget-wrap elementor-element-populated\">\n\t\t\t\t\t\t<div class=\"elementor-element elementor-element-664e0369 elementor-widget elementor-widget-text-editor\" data-id=\"664e0369\" data-element_type=\"widget\" data-e-type=\"widget\" data-widget_type=\"text-editor.default\">\n\t\t\t\t<div class=\"elementor-widget-container\">\n\t\t\t\t\t\t\t\t\t\n<h3><strong>Conditions d&rsquo;h\u00e9bergement dans les cabanes dans les arbres:<\/strong><\/h3>\n\n<ul>\n<li>Check-in de 16h \u00e0 20h, check-out au plus tard \u00e0 12h00.<\/li>\n<\/ul>\n\n<ul>\n<li>Les enfants de moins de 10 ans ne sont pas admis dans les cabanes dans les arbres.<\/li>\n<\/ul>\n\n<ul>\n<li>Les installations ne sont adapt\u00e9es aux handicap\u00e9s.<\/li>\n<\/ul>\n\n<ul>\n<li>Les animaux ne sont pas admis.<\/li>\n<\/ul>\n\n<ul>\n<li>Il est obligatoire qu\u2019au moins l&rsquo;un des occupants de la cabane soit majeur.<\/li>\n<\/ul>\n\n<ul>\n<li>Il est totalement interdit de fumer dans la cabane et dans la for\u00eat, d&rsquo;utiliser des bougies et \/ ou de l&rsquo;encens. (Un espace fumeur est localis\u00e9 dans le jardin du mas).<\/li>\n<\/ul>\n\n<ul>\n<li>Pas de remboursement en cas de vertige.<\/li>\n<\/ul>\n\n<ul>\n<li>Les cabanes sont suspendues \u00e0 un arbre ou entre 2 arbres, \u00e0 une hauteur de 3 \u00e0 10 m\u00e8tres du sol, l&rsquo;acc\u00e8s \u00e0 la cabane se fait par un pont suspendu et\/ou une \u00e9chelle en bois, souvent verticale et la porte d&rsquo;acc\u00e8s est souvent une trappe.<\/li>\n<\/ul>\n\n<ul>\n<li>La distance entre l&rsquo;accueil et la cabane est comprise entre 70 et 1 000 m\u00e8tres et on y acc\u00e8de \u00e0 pied.<\/li>\n<\/ul>\n\n<ul>\n<li>La cabane n&rsquo;a ni eau courante ni \u00e9lectricit\u00e9, les toilettes sont des toilettes s\u00e8ches.<\/li>\n<\/ul>\n\n<ul>\n<li>Des douches sont disponibles dans le mas.<\/li>\n<\/ul>\n\n<ul>\n<li>Il n\u2019est pas autoris\u00e9 de cuisiner.<\/li>\n<\/ul>\n\n<ul>\n<li>Il n&rsquo;a pas de t\u00e9l\u00e9phone dans les cabanes<\/li>\n<\/ul>\n\n<ul>\n<li>En cas d&rsquo;\u00e9vacuation de force majeure, des lits superpos\u00e9s seront disponibles au mas (sans remboursement).<\/li>\n<\/ul>\n\n<ul>\n<li>Respecter la tranquillit\u00e9 des occupants des autres cabanes. Eviter les nuisances sonores comme la musique \u00e0 volume \u00e9lev\u00e9 ou les conversations \u00e0 voix haute sur la terrasse.<\/li>\n<\/ul>\n\n<ul>\n<li>A la r\u00e9ception, vous devrez tous pr\u00e9senter une pi\u00e8ce d&rsquo;identit\u00e9.<\/li>\n<\/ul>\n\n<p>La direction se r\u00e9serve le droit de prendre les mesures appropri\u00e9es en cas de non-respect de ses conditions.<\/p>\n\n<h3><strong>Conditions de vente:<\/strong><\/h3>\n\n<p>L&rsquo;utilisation de ce site implique l&rsquo;acceptation pleine et enti\u00e8re de nos conditions g\u00e9n\u00e9rales. En utilisant ce site internet, vous reconnaissez que vous \u00eates majeur, en r\u00e8gle et garantissez la v\u00e9racit\u00e9 et l&rsquo;exactitude des donn\u00e9es fournies. Toute utilisation frauduleuse ou infraction commise en votre nom ou par un tiers peut donner lieu \u00e0 l&rsquo;annulation de nos services et \u00e0 d\u2019\u00e9ventuelles compensations financi\u00e8res. Ces conditions g\u00e9n\u00e9rales s&rsquo;appliquent \u00e0 la totalit\u00e9 de notre site internet : r\u00e9servations et achats de coffrets cadeaux.<\/p>\n\n<p>Dans le cas de paiement par transfert bancaire, un rappel vous sera adress\u00e9 2 mois avant la date de r\u00e9servation pour effectuer votre r\u00e8glement.<\/p>\n\n<p>Un num\u00e9ro est attribu\u00e9 \u00e0 chaque r\u00e9servation et vous permet de r\u00e9aliser des consultations ou des modifications.<\/p>\n\n<p>Les paiements par carte bancaire s&rsquo;effectuent via un syst\u00e8me de paiement s\u00e9curis\u00e9 (redsys).<\/p>\n\n<p>Tout paiement irr\u00e9gulier, nul, incomplet ou frauduleux pour un motif imputable au client, entra\u00eenera l&rsquo;annulation de la r\u00e9servation. Dans ce cas le client renonce \u00e0 toute action en justice.<br \/>Une fois le paiement effectu\u00e9, la confirmation de votre r\u00e9servation sera envoy\u00e9e par e-mail \u00e0 l&rsquo;adresse fournie. Vous pourrez ainsi v\u00e9rifier la conformit\u00e9 des d\u00e9tails de la r\u00e9servation.<\/p>\n\n<p>En cas de paiement par virement international, les frais de transfert bancaires sont \u00e0 la charge de l&rsquo;acheteur.<\/p>\n\n<p>Les prix indiqu\u00e9s sur notre site sont exprim\u00e9s en euros et incluent toutes les taxes applicables. Nos prix peuvent \u00eatre modifi\u00e9s \u00e0 tout moment sans \u00eatre applicables aux r\u00e9servations d\u00e9j\u00e0 confirm\u00e9es, \u00e0 l&rsquo;exception de la modification des taxes l\u00e9gales ou r\u00e9glementaires \u00e9tablies par les autorit\u00e9s comp\u00e9tentes.<\/p>\n\n<p>Protection des donn\u00e9es personnelles : veuillez consulter les \u201cmentions l\u00e9gales\u201d en bas de page.<\/p>\n\n<h3 id=\"cancelacio\"><strong>Condictons d&rsquo;\u00e9change et d&rsquo;annulation:<\/strong><\/h3>\n\n<ul>\n<li>Jusqu&rsquo;\u00e0 30 jours avant la date de votre r\u00e9servation, 75% de remboursement.<\/li>\n<\/ul>\n\n<ul>\n<li>Jusqu&rsquo;\u00e0 15 jours avant la date de votre r\u00e9servation, 50% de remboursement.<\/li>\n<\/ul>\n\n<ul>\n<li>Moins de 15 jours avant la date de votre r\u00e9servation, pas de remboursement.<\/li>\n<\/ul>\n\n<ul>\n<li>Vous pouvez souscrire une garantie d\u2019annulation couvrant 100% de la r\u00e9servation pour 8 \u20ac.<\/li>\n<\/ul>\n\n<ul>\n<li>Les cadeaux ne sont pas remboursables.<\/li>\n<\/ul>\n\n<h3><strong>Conditions de r\u00e9servation et coffret cadeau gratuits:<\/strong><\/h3>\n\n<p>Un seul changement de date peut \u00eatre effectu\u00e9 jusqu&rsquo;\u00e0 21 jours avant la date r\u00e9serv\u00e9e.<\/p>\n\t\t\t\t\t\t\t\t<\/div>\n\t\t\t\t<\/div>\n\t\t\t\t\t<\/div>\n\t\t<\/div>\n\t\t\t\t\t<\/div>\n\t\t<\/section>\n\t\t\t\t<\/div>\n\t\t","protected":false},"excerpt":{"rendered":"<p>Conditions d&rsquo;h\u00e9bergement dans les cabanes dans les arbres: Check-in de 16h \u00e0 20h, check-out au plus tard \u00e0 12h00. Les enfants de moins de 10 ans ne sont pas admis dans les cabanes dans les arbres. Les installations ne sont adapt\u00e9es aux handicap\u00e9s. Les animaux ne sont pas admis. Il est obligatoire qu\u2019au moins l&rsquo;un [&hellip;]<\/p>\n","protected":false},"author":3,"featured_media":0,"parent":0,"menu_order":0,"comment_status":"closed","ping_status":"closed","template":"","meta":{"footnotes":""},"class_list":["post-1950","page","type-page","status-publish","hentry"],"_links":{"self":[{"href":"https:\/\/www.cabanesalsarbres.com\/fr\/wp-json\/wp\/v2\/pages\/1950","targetHints":{"allow":["GET"]}}],"collection":[{"href":"https:\/\/www.cabanesalsarbres.com\/fr\/wp-json\/wp\/v2\/pages"}],"about":[{"href":"https:\/\/www.cabanesalsarbres.com\/fr\/wp-json\/wp\/v2\/types\/page"}],"author":[{"embeddable":true,"href":"https:\/\/www.cabanesalsarbres.com\/fr\/wp-json\/wp\/v2\/users\/3"}],"replies":[{"embeddable":true,"href":"https:\/\/www.cabanesalsarbres.com\/fr\/wp-json\/wp\/v2\/comments?post=1950"}],"version-history":[{"count":3,"href":"https:\/\/www.cabanesalsarbres.com\/fr\/wp-json\/wp\/v2\/pages\/1950\/revisions"}],"predecessor-version":[{"id":4334,"href":"https:\/\/www.cabanesalsarbres.com\/fr\/wp-json\/wp\/v2\/pages\/1950\/revisions\/4334"}],"wp:attachment":[{"href":"https:\/\/www.cabanesalsarbres.com\/fr\/wp-json\/wp\/v2\/media?parent=1950"}],"curies":[{"name":"wp","href":"https:\/\/api.w.org\/{rel}","templated":true}]}}