{"id":1967,"date":"2020-02-19T10:40:39","date_gmt":"2020-02-19T08:40:39","guid":{"rendered":"http:\/\/cab2.crealogica.eu\/garantia-complementaria\/"},"modified":"2020-05-18T11:23:08","modified_gmt":"2020-05-18T09:23:08","slug":"garantie-complementaire","status":"publish","type":"page","link":"https:\/\/www.cabanesalsarbres.com\/fr\/garantie-complementaire\/","title":{"rendered":"Garantie compl\u00e9mentaire"},"content":{"rendered":"\n<h3 class=\"wp-block-heading\"><strong><strong>Conditions de garantie compl\u00e9mentaire d&rsquo;annulation:<\/strong><\/strong><\/h3>\n\n\n\n<p>Ninildu SL garantit, dans la limite de 400 euros, et sous r\u00e9serve des exclusions mentionn\u00e9es dans les pr\u00e9sentes Conditions de garantie, le remboursement des frais d&rsquo;annulation de s\u00e9jour demand\u00e9 par le client qui a contract\u00e9 la garantie et qui a \u00e9t\u00e9 factur\u00e9s au concept d&rsquo;extension des conditions g\u00e9n\u00e9rales de vente, \u00e0 condition que le s\u00e9jour soit annul\u00e9 avant le d\u00e9but de celui-ci et pour l&rsquo;une des raisons suivantes apr\u00e8s la souscription de la garantie:<\/p>\n\n\n\n<p>1- En raison d&rsquo;un d\u00e9c\u00e8s, d&rsquo;une hospitalisation d&rsquo;au moins une nuit, d&rsquo;une maladie grave ou d&rsquo;un accident grave:<\/p>\n\n\n\n<p>a- Du client ou d&rsquo;un de ses proches.<br>Proche: \u00e9poux, conjoint de fait ou personne qui \u00e0 ce titre vit avec le client, les parents, les beaux-parents, les enfants ou les fr\u00e8res et s\u0153urs du client.<\/p>\n\n\n\n<p>b- Du responsable pendant le s\u00e9jour du client, de la garde des enfants mineurs, dans la r\u00e9sidence habituelle.<\/p>\n\n\n\n<p>c- Du substitut direct du client, dans son lieu de travail, chaque fois que cette circonstance emp\u00eache le client de r\u00e9aliser son s\u00e9jour par exigence de la Soci\u00e9t\u00e9 qui l&#8217;emploie.<\/p>\n\n\n\n<p>Il est entendu par \u201cmaladie grave\u201d une alt\u00e9ration de la sant\u00e9 qui implique une hospitalisation ou la n\u00e9cessit\u00e9 de garder le lit, dans les 7 jours avant le s\u00e9jour, et qui m\u00e9dicalement, rend impossible le d\u00e9but du s\u00e9jour \u00e0 la date pr\u00e9vue.<\/p>\n\n\n\n<p>Il est entendu par \u201caccident grave\u201d un pr\u00e9judice corporel, non intentionnel de la victime, r\u00e9sultant de l&rsquo;action soudaine d&rsquo;une cause ext\u00e9rieure et qui, de l&rsquo;avis d&rsquo;un professionnel de la sant\u00e9, rend impossible le d\u00e9but du s\u00e9jour du client \u00e0 la date pr\u00e9vue, ou comporte un risque de d\u00e9c\u00e8s pour l&rsquo;un des proches mentionn\u00e9s.<\/p>\n\n\n\n<p>2- La convocation du client en tant que partie, t\u00e9moin ou jury devant un tribunal civil, p\u00e9nal ou des prud\u2019hommes.<\/p>\n\n\n\n<p>3- La convocation comme membre d&rsquo;un bureau de vote \u00e9lectorale pour les \u00e9lections nationales, r\u00e9gionales ou municipales.<\/p>\n\n\n\n<p>4- La pr\u00e9sentation aux examens des oppositions officielles convoqu\u00e9es aupr\u00e8s d&rsquo;un organisme public apr\u00e8s la souscription de la garantie. Cette pr\u00e9sentation peut \u00eatre soit en qualit\u00e9 d&rsquo;opposant, soit en tant que membre du tribunal.<\/p>\n\n\n\n<p>5- Les dommages graves caus\u00e9s par un incendie, une explosion, un vol ou par la force de la nature, dans votre r\u00e9sidence principale ou secondaire, ou dans vos locaux professionnels si le client exerce une profession lib\u00e9rale ou dirige une entreprise et que sa pr\u00e9sence est indispensable.<\/p>\n\n\n\n<p>6- En raison du licenciement du client. En aucun cas, cette garantie n&rsquo;entrera en vigueur dans le cas de la r\u00e9siliation du contrat de travail, de la d\u00e9mission volontaire ou du non-respect de la p\u00e9riode probatoire. Dans tous les cas, la garantie doit avoir \u00e9t\u00e9 souscrite avant la communication \u00e9crite de la Soci\u00e9t\u00e9 au travailleur.<\/p>\n\n\n\n<p>7- L&rsquo;incorporation \u00e0 un nouvel emploi, dans une nouvelle entreprise, avec un contrat de travail de plus d&rsquo;un an et \u00e0 condition que l&rsquo;incorporation ait lieu apr\u00e8s la r\u00e9servation du s\u00e9jour et par cons\u00e9quent, la souscription de la Garantie suppl\u00e9mentaire.<\/p>\n\n\n\n<p>8- La convocation \u00e0 une intervention chirurgicale du client, ainsi que des tests m\u00e9dicaux avant la dite intervention. (inclut la transplantation d&rsquo;organe en tant que receveur ou donneur).<\/p>\n\n\n\n<p>9- La convocation \u00e0 des tests m\u00e9dicaux du client ou d&rsquo;un de ses proches par un Service de Sant\u00e9 Public, \u00e0 caract\u00e8re d&rsquo;urgence, si et seulement si ils sont justifi\u00e9s par la gravit\u00e9 du cas.<\/p>\n\n\n\n<p>10- Les complications graves en \u00e9tat de grossesse qui, par prescription m\u00e9dicale, obligent \u00e0 garder le repos ou exigent l&rsquo;hospitalisation de la cliente, de son \u00e9poux ou conjoint de fait ou de la personne qui en tant que telle coexiste en permanence avec la cliente, chaque fois que de telles complications se sont produites apr\u00e8s la souscription de la Garantie compl\u00e9mentaire et met gravement en p\u00e9ril le bon d\u00e9roulement de la dite grossesse.<\/p>\n\n\n\n<p>11- L&rsquo;accouchement pr\u00e9matur\u00e9e de la cliente, de l\u2019\u00e9pouse ou de la conjointe de fait ou de la personne qui, en tant que telle, vit en permanence avec le(a) client(e).<\/p>\n\n\n\n<p>Pour le paiement de la garantie compl\u00e9mentaire, il sera indispensable de pr\u00e9senter les pi\u00e8ces justificatives du motif d&rsquo;annulation.<\/p>\n\n\n\n<p>Exclusions sp\u00e9cifiques de la garantie compl\u00e9mentaire d&rsquo;annulation:<\/p>\n\n\n\n<p>A- Un traitement esth\u00e9tique, une cure, l&rsquo;interruption volontaire de grossesse, l&rsquo;alcoolisme, la consommation de drogues et de stup\u00e9fiants, \u00e1 l&rsquo;exception de ceux qui auraient \u00e9t\u00e9 prescrits par un m\u00e9decin.<\/p>\n\n\n\n<p>B- Les maladies trait\u00e9es ou n\u00e9cessitant des soins m\u00e9dicaux au cours des 30 derniers jours pr\u00e9c\u00e9dent la date de r\u00e9servation du s\u00e9jour et\/ou la date de souscription de la Garantie Compl\u00e9mentaire.<\/p>\n\n\n\n<p>C- Epid\u00e9mies, pand\u00e9mies, quarantaine m\u00e9dicale et catastrophes naturelles, tant dans le pays d&rsquo;origine que dans le pays de destination du s\u00e9jour.<\/p>\n\n\n\n<p>D- La guerre (civile ou non), d\u00e9clar\u00e9e ou non, \u00e9meutes, actes de terrorisme, tant dans le pays d&rsquo;origine que dans le pays de destination du s\u00e9jour, ainsi que le non-respect conscient des interdictions officielles.<\/p>\n\n\n\n<p>E- La non pr\u00e9sentation pour quelque motif que ce soit des documents essentiels au s\u00e9jour, une carte d&rsquo;identit\u00e9 en cours de validit\u00e9.<\/p>\n\n\n\n<p>F- Les actes intentionnels d&rsquo;automutilation, de suicide ou de tentative de suicide.<\/p>\n","protected":false},"excerpt":{"rendered":"<p>Conditions de garantie compl\u00e9mentaire d&rsquo;annulation: Ninildu SL garantit, dans la limite de 400 euros, et sous r\u00e9serve des exclusions mentionn\u00e9es dans les pr\u00e9sentes Conditions de garantie, le remboursement des frais d&rsquo;annulation de s\u00e9jour demand\u00e9 par le client qui a contract\u00e9 la garantie et qui a \u00e9t\u00e9 factur\u00e9s au concept d&rsquo;extension des conditions g\u00e9n\u00e9rales de vente, [&hellip;]<\/p>\n","protected":false},"author":3,"featured_media":0,"parent":0,"menu_order":0,"comment_status":"closed","ping_status":"closed","template":"","meta":{"footnotes":""},"class_list":["post-1967","page","type-page","status-publish","hentry"],"_links":{"self":[{"href":"https:\/\/www.cabanesalsarbres.com\/fr\/wp-json\/wp\/v2\/pages\/1967","targetHints":{"allow":["GET"]}}],"collection":[{"href":"https:\/\/www.cabanesalsarbres.com\/fr\/wp-json\/wp\/v2\/pages"}],"about":[{"href":"https:\/\/www.cabanesalsarbres.com\/fr\/wp-json\/wp\/v2\/types\/page"}],"author":[{"embeddable":true,"href":"https:\/\/www.cabanesalsarbres.com\/fr\/wp-json\/wp\/v2\/users\/3"}],"replies":[{"embeddable":true,"href":"https:\/\/www.cabanesalsarbres.com\/fr\/wp-json\/wp\/v2\/comments?post=1967"}],"version-history":[{"count":3,"href":"https:\/\/www.cabanesalsarbres.com\/fr\/wp-json\/wp\/v2\/pages\/1967\/revisions"}],"predecessor-version":[{"id":2790,"href":"https:\/\/www.cabanesalsarbres.com\/fr\/wp-json\/wp\/v2\/pages\/1967\/revisions\/2790"}],"wp:attachment":[{"href":"https:\/\/www.cabanesalsarbres.com\/fr\/wp-json\/wp\/v2\/media?parent=1967"}],"curies":[{"name":"wp","href":"https:\/\/api.w.org\/{rel}","templated":true}]}}