{"id":1990,"date":"2020-02-17T15:35:04","date_gmt":"2020-02-17T13:35:04","guid":{"rendered":"http:\/\/cab2.crealogica.eu\/pagina-exemple\/"},"modified":"2021-09-10T08:42:50","modified_gmt":"2021-09-10T06:42:50","slug":"pagina-exemple","status":"publish","type":"page","link":"https:\/\/www.cabanesalsarbres.com\/fr\/","title":{"rendered":"Cabanes dans les arbres"},"content":{"rendered":"\t\t<div data-elementor-type=\"wp-page\" data-elementor-id=\"1990\" class=\"elementor elementor-1990 elementor-2\">\n\t\t\t\t\t\t<div class=\"elementor-section elementor-top-section elementor-element elementor-element-8a6ff22 elementor-section-stretched elementor-section-full_width elementor-section-height-min-height elementor-section-content-middle elementor-section-height-default elementor-section-items-middle\" data-id=\"8a6ff22\" data-element_type=\"section\" data-e-type=\"section\" data-settings=\"{&quot;stretch_section&quot;:&quot;section-stretched&quot;,&quot;background_background&quot;:&quot;slideshow&quot;,&quot;background_slideshow_gallery&quot;:[{&quot;id&quot;:88,&quot;url&quot;:&quot;https:\\\/\\\/www.cabanesalsarbres.com\\\/wp-content\\\/uploads\\\/2020\\\/02\\\/MG_9979.jpg&quot;},{&quot;id&quot;:92,&quot;url&quot;:&quot;https:\\\/\\\/www.cabanesalsarbres.com\\\/wp-content\\\/uploads\\\/2020\\\/02\\\/MG_1877.jpg&quot;}],&quot;background_slideshow_loop&quot;:&quot;yes&quot;,&quot;background_slideshow_slide_duration&quot;:5000,&quot;background_slideshow_slide_transition&quot;:&quot;fade&quot;,&quot;background_slideshow_transition_duration&quot;:500}\">\n\t\t\t\t\t\t\t<div class=\"elementor-background-overlay\"><\/div>\n\t\t\t\t\t\t\t<div class=\"elementor-container elementor-column-gap-no\">\n\t\t\t\t\t<div class=\"elementor-column elementor-col-100 elementor-top-column elementor-element elementor-element-54ef9b2\" data-id=\"54ef9b2\" data-element_type=\"column\" data-e-type=\"column\">\n\t\t\t<div class=\"elementor-widget-wrap elementor-element-populated\">\n\t\t\t\t\t\t<section class=\"elementor-section elementor-inner-section elementor-element elementor-element-e8cc506 elementor-section-boxed elementor-section-height-default elementor-section-height-default\" data-id=\"e8cc506\" data-element_type=\"section\" data-e-type=\"section\">\n\t\t\t\t\t\t<div class=\"elementor-container elementor-column-gap-default\">\n\t\t\t\t\t<div class=\"elementor-column elementor-col-100 elementor-inner-column elementor-element elementor-element-bdd7ae7\" data-id=\"bdd7ae7\" data-element_type=\"column\" data-e-type=\"column\">\n\t\t\t<div class=\"elementor-widget-wrap elementor-element-populated\">\n\t\t\t\t\t\t<div class=\"elementor-element elementor-element-8b78d0b animated-slow elementor-invisible elementor-widget elementor-widget-heading\" data-id=\"8b78d0b\" data-element_type=\"widget\" data-e-type=\"widget\" data-settings=\"{&quot;_animation&quot;:&quot;fadeIn&quot;,&quot;_animation_delay&quot;:15}\" data-widget_type=\"heading.default\">\n\t\t\t\t<div class=\"elementor-widget-container\">\n\t\t\t\t\t<h1 class=\"elementor-heading-title elementor-size-default\">Cabanes dans les arbres<\/h1>\t\t\t\t<\/div>\n\t\t\t\t<\/div>\n\t\t\t\t<div class=\"elementor-element elementor-element-9675794 elementor-invisible elementor-widget elementor-widget-heading\" data-id=\"9675794\" data-element_type=\"widget\" data-e-type=\"widget\" data-settings=\"{&quot;_animation&quot;:&quot;fadeInDown&quot;}\" data-widget_type=\"heading.default\">\n\t\t\t\t<div class=\"elementor-widget-container\">\n\t\t\t\t\t<div class=\"elementor-heading-title elementor-size-default\">Votre r\u00eave de dormir dans un arbre devient r\u00e9alit\u00e9  !<\/div>\t\t\t\t<\/div>\n\t\t\t\t<\/div>\n\t\t\t\t<div class=\"elementor-element elementor-element-d7f6a3d elementor-button-warning elementor-align-center elementor-widget__width-inherit elementor-widget elementor-widget-button\" data-id=\"d7f6a3d\" data-element_type=\"widget\" data-e-type=\"widget\" data-widget_type=\"button.default\">\n\t\t\t\t<div class=\"elementor-widget-container\">\n\t\t\t\t\t\t\t\t\t<div class=\"elementor-button-wrapper\">\n\t\t\t\t\t<a class=\"elementor-button elementor-button-link elementor-size-xl elementor-animation-hang\" href=\"\/reserva\/disponibilitat.php\">\n\t\t\t\t\t\t<span class=\"elementor-button-content-wrapper\">\n\t\t\t\t\t\t\t\t\t<span class=\"elementor-button-text\">Voir disponibilit\u00e9s<\/span>\n\t\t\t\t\t<\/span>\n\t\t\t\t\t<\/a>\n\t\t\t\t<\/div>\n\t\t\t\t\t\t\t\t<\/div>\n\t\t\t\t<\/div>\n\t\t\t\t\t<\/div>\n\t\t<\/div>\n\t\t\t\t\t<\/div>\n\t\t<\/section>\n\t\t\t\t\t<\/div>\n\t\t<\/div>\n\t\t\t\t\t<\/div>\n\t\t<\/div>\n\t\t\t\t<section class=\"elementor-section elementor-top-section elementor-element elementor-element-5deb673 elementor-section-boxed elementor-section-height-default elementor-section-height-default\" data-id=\"5deb673\" data-element_type=\"section\" data-e-type=\"section\">\n\t\t\t\t\t\t\t<div class=\"elementor-background-overlay\"><\/div>\n\t\t\t\t\t\t\t<div class=\"elementor-container elementor-column-gap-default\">\n\t\t\t\t\t<div class=\"elementor-column elementor-col-100 elementor-top-column elementor-element elementor-element-4d7d1aa\" data-id=\"4d7d1aa\" data-element_type=\"column\" data-e-type=\"column\">\n\t\t\t<div class=\"elementor-widget-wrap elementor-element-populated\">\n\t\t\t\t\t\t<div class=\"elementor-element elementor-element-f7e5b5c elementor-widget elementor-widget-heading\" data-id=\"f7e5b5c\" data-element_type=\"widget\" data-e-type=\"widget\" data-widget_type=\"heading.default\">\n\t\t\t\t<div class=\"elementor-widget-container\">\n\t\t\t\t\t<h2 class=\"elementor-heading-title elementor-size-small\">Le tout premier \u00e9tablissement de cabanes dans les arbres, en Espagne<\/h2>\t\t\t\t<\/div>\n\t\t\t\t<\/div>\n\t\t\t\t<div class=\"elementor-element elementor-element-e8b7de7 elementor-widget elementor-widget-heading\" data-id=\"e8b7de7\" data-element_type=\"widget\" data-e-type=\"widget\" data-widget_type=\"heading.default\">\n\t\t\t\t<div class=\"elementor-widget-container\">\n\t\t\t\t\t<h3 class=\"elementor-heading-title elementor-size-default\">La merveilleuse for\u00eat de Sant Hilari Sacalm<\/h3>\t\t\t\t<\/div>\n\t\t\t\t<\/div>\n\t\t\t\t\t<\/div>\n\t\t<\/div>\n\t\t\t\t\t<\/div>\n\t\t<\/section>\n\t\t\t\t<section class=\"elementor-section elementor-top-section elementor-element elementor-element-4894d96 elementor-section-boxed elementor-section-height-default elementor-section-height-default\" data-id=\"4894d96\" data-element_type=\"section\" data-e-type=\"section\">\n\t\t\t\t\t\t<div class=\"elementor-container elementor-column-gap-default\">\n\t\t\t\t\t<div class=\"elementor-column elementor-col-100 elementor-top-column elementor-element elementor-element-2db33e7\" data-id=\"2db33e7\" data-element_type=\"column\" data-e-type=\"column\">\n\t\t\t<div class=\"elementor-widget-wrap elementor-element-populated\">\n\t\t\t\t\t\t<section class=\"elementor-section elementor-inner-section elementor-element elementor-element-d4a68d6 elementor-section-content-top elementor-section-boxed elementor-section-height-default elementor-section-height-default\" data-id=\"d4a68d6\" data-element_type=\"section\" data-e-type=\"section\">\n\t\t\t\t\t\t<div class=\"elementor-container elementor-column-gap-default\">\n\t\t\t\t\t<div class=\"elementor-column elementor-col-100 elementor-inner-column elementor-element elementor-element-d33d785\" data-id=\"d33d785\" data-element_type=\"column\" data-e-type=\"column\">\n\t\t\t<div class=\"elementor-widget-wrap elementor-element-populated\">\n\t\t\t\t\t\t<div class=\"elementor-element elementor-element-a12f854 elementor-widget elementor-widget-text-editor\" data-id=\"a12f854\" data-element_type=\"widget\" data-e-type=\"widget\" data-widget_type=\"text-editor.default\">\n\t\t\t\t<div class=\"elementor-widget-container\">\n\t\t\t\t\t\t\t\t\t<p>Apr\u00e8s avoir parcouru le monde et avoir v\u00e9cu des exp\u00e9riences de toutes sortes, de nous \u00eatre nourris d\u2019id\u00e9es, de cultures et de lieux divers, notre projet in\u00e9dit est n\u00e9 en 2009. Au coeur de la for\u00eat magique de Sant Hilari Sacalm, nous avons r\u00e9alis\u00e9 le premier h\u00f4tel de cabanes dans les arbres d\u2019Espagne.<\/p><p>Nos cabanes en bois sont int\u00e9gr\u00e9es dans un paysage de montagnes situ\u00e9es au nord-est de la Catalogne. Perch\u00e9s dans l\u2019arbre, vous pouvez vous d\u00e9connecter de votre routine et vous recentrer sur des valeurs essentielles. En harmonie avec la nature, r\u00e9alisez un r\u00eave d\u2019enfance : dormir dans un arbre !<\/p><p>\u00c0 votre arriv\u00e9e, vous stationnerez pr\u00e8s du mas qui a plus de sept si\u00e8cles d&rsquo;histoire. Vous acc\u00e9derez \u00e0 votre cabane par des sentiers forestiers, apr\u00e8s avoir re\u00e7u un \u00ab briefing \u00bb \u00e0 l&rsquo;accueil.<\/p><p>Chaque cabane a sa propre vue et sa propre d\u00e9coration. Chacune dispose d\u2019un lavabo avec une jarre d&rsquo;eau, des toilettes \u00e9cologiques s\u00e8ches et une chemin\u00e9e murale pour les soir\u00e9es d\u2019hiver. L\u2019\u00e9clairage est assur\u00e9 par des lampes rechargeables qui produisent une lumi\u00e8re chaude et intime.<\/p><p>Pour les douches avec de l\u2019eau courante ou pour recharger vos portables, rendez-vous au mas\u00a0!<\/p><p>Vous trouverez \u00e9galement des espaces communs\u00a0: un salon avec chemin\u00e9e, un beau jardin, des spas ext\u00e9rieurs privatifs, une salle de massage et une piscine ouverte en \u00e9t\u00e9. Profitez de chacune de ces exp\u00e9riences !<\/p>\t\t\t\t\t\t\t\t<\/div>\n\t\t\t\t<\/div>\n\t\t\t\t\t<\/div>\n\t\t<\/div>\n\t\t\t\t\t<\/div>\n\t\t<\/section>\n\t\t\t\t\t<\/div>\n\t\t<\/div>\n\t\t\t\t\t<\/div>\n\t\t<\/section>\n\t\t\t\t<section class=\"elementor-section elementor-top-section elementor-element elementor-element-ba0f774 elementor-section-stretched elementor-section-boxed elementor-section-height-default elementor-section-height-default\" data-id=\"ba0f774\" data-element_type=\"section\" data-e-type=\"section\" data-settings=\"{&quot;stretch_section&quot;:&quot;section-stretched&quot;,&quot;background_background&quot;:&quot;classic&quot;}\">\n\t\t\t\t\t\t<div class=\"elementor-container elementor-column-gap-default\">\n\t\t\t\t\t<div class=\"elementor-column elementor-col-100 elementor-top-column elementor-element elementor-element-00df306\" data-id=\"00df306\" data-element_type=\"column\" data-e-type=\"column\">\n\t\t\t<div class=\"elementor-widget-wrap elementor-element-populated\">\n\t\t\t\t\t\t<section class=\"elementor-section elementor-inner-section elementor-element elementor-element-dd1ad4c elementor-section-boxed elementor-section-height-default elementor-section-height-default\" data-id=\"dd1ad4c\" data-element_type=\"section\" data-e-type=\"section\" data-settings=\"{&quot;background_background&quot;:&quot;classic&quot;}\">\n\t\t\t\t\t\t<div class=\"elementor-container elementor-column-gap-default\">\n\t\t\t\t\t<div class=\"elementor-column elementor-col-100 elementor-inner-column elementor-element elementor-element-c5946ee\" data-id=\"c5946ee\" data-element_type=\"column\" data-e-type=\"column\">\n\t\t\t<div class=\"elementor-widget-wrap elementor-element-populated\">\n\t\t\t\t\t\t<div class=\"elementor-element elementor-element-bc42cc2 elementor-widget elementor-widget-video\" data-id=\"bc42cc2\" data-element_type=\"widget\" data-e-type=\"widget\" data-settings=\"{&quot;video_type&quot;:&quot;hosted&quot;,&quot;start&quot;:1,&quot;controls&quot;:&quot;yes&quot;}\" data-widget_type=\"video.default\">\n\t\t\t\t<div class=\"elementor-widget-container\">\n\t\t\t\t\t\t\t<div class=\"e-hosted-video elementor-wrapper elementor-open-inline\">\n\t\t\t\t\t<video class=\"elementor-video\" src=\"https:\/\/www.cabanesalsarbres.com\/wp-content\/uploads\/2020\/03\/2020.mp4#t=1\" controls=\"\" preload=\"metadata\" controlsList=\"nodownload\"><\/video>\n\t\t\t\t<\/div>\n\t\t\t\t\t\t<\/div>\n\t\t\t\t<\/div>\n\t\t\t\t\t<\/div>\n\t\t<\/div>\n\t\t\t\t\t<\/div>\n\t\t<\/section>\n\t\t\t\t\t<\/div>\n\t\t<\/div>\n\t\t\t\t\t<\/div>\n\t\t<\/section>\n\t\t\t\t<\/div>\n\t\t","protected":false},"excerpt":{"rendered":"<p>Cabanes dans les arbres Votre r\u00eave de dormir dans un arbre devient r\u00e9alit\u00e9 ! Voir disponibilit\u00e9s Le tout premier \u00e9tablissement de cabanes dans les arbres, en Espagne La merveilleuse for\u00eat de Sant Hilari Sacalm Apr\u00e8s avoir parcouru le monde et avoir v\u00e9cu des exp\u00e9riences de toutes sortes, de nous \u00eatre nourris d\u2019id\u00e9es, de cultures et [&hellip;]<\/p>\n","protected":false},"author":3,"featured_media":0,"parent":0,"menu_order":0,"comment_status":"closed","ping_status":"closed","template":"elementor_header_footer","meta":{"footnotes":""},"class_list":["post-1990","page","type-page","status-publish","hentry"],"_links":{"self":[{"href":"https:\/\/www.cabanesalsarbres.com\/fr\/wp-json\/wp\/v2\/pages\/1990","targetHints":{"allow":["GET"]}}],"collection":[{"href":"https:\/\/www.cabanesalsarbres.com\/fr\/wp-json\/wp\/v2\/pages"}],"about":[{"href":"https:\/\/www.cabanesalsarbres.com\/fr\/wp-json\/wp\/v2\/types\/page"}],"author":[{"embeddable":true,"href":"https:\/\/www.cabanesalsarbres.com\/fr\/wp-json\/wp\/v2\/users\/3"}],"replies":[{"embeddable":true,"href":"https:\/\/www.cabanesalsarbres.com\/fr\/wp-json\/wp\/v2\/comments?post=1990"}],"version-history":[{"count":22,"href":"https:\/\/www.cabanesalsarbres.com\/fr\/wp-json\/wp\/v2\/pages\/1990\/revisions"}],"predecessor-version":[{"id":5210,"href":"https:\/\/www.cabanesalsarbres.com\/fr\/wp-json\/wp\/v2\/pages\/1990\/revisions\/5210"}],"wp:attachment":[{"href":"https:\/\/www.cabanesalsarbres.com\/fr\/wp-json\/wp\/v2\/media?parent=1990"}],"curies":[{"name":"wp","href":"https:\/\/api.w.org\/{rel}","templated":true}]}}