{"id":1998,"date":"2020-02-18T11:21:58","date_gmt":"2020-02-18T09:21:58","guid":{"rendered":"http:\/\/cab2.crealogica.eu\/nos-valeurs\/compromis-ecologic\/"},"modified":"2021-10-26T17:40:57","modified_gmt":"2021-10-26T15:40:57","slug":"engagement-ecologique","status":"publish","type":"page","link":"https:\/\/www.cabanesalsarbres.com\/fr\/nos-valeurs\/engagement-ecologique\/","title":{"rendered":"Engagement \u00e9cologique"},"content":{"rendered":"\n<h2 class=\"wp-block-heading\">Avec une philosophie respectueuse de l&rsquo;environnement, notre proposition durable est de s&rsquo;adapter \u00e0 la nature. Apr\u00e8s avoir laiss\u00e9 votre v\u00e9hicule au parking, vous marcherez quelques minutes jusqu&rsquo;\u00e0 votre cabane int\u00e9gr\u00e9e dans la for\u00eat. Profitez de cette immersion magique en toute qui\u00e9tude, au rythme du chant des oiseaux !<\/h2>\n\n\n\n<p><strong>\u00c9clairage: <\/strong>La plupart des cabanes n\u2019ont pas d\u2019\u00e9lectricit\u00e9 : nous \u00e9clairons avec des lampes rechargeables qui offrent une lumi\u00e8re chaude et intime.<\/p>\n\n\n\n<p><strong>Eau: <\/strong>dans la cabane, vous trouverez un \u00e9vier avec un grand pot \u00e0 eau. L&rsquo;eau provient de notre puits.<\/p>\n\n\n\n<p><strong>Chemin\u00e9e \u00e9cologique: <\/strong>Vous trouverez une chemin\u00e9e murale pour vos soir\u00e9es hivernales. Elle utilise du bio\u00e9thanol comme carburant. C\u2019est un alcool organique (il provient de la fermentation des betteraves et de la canne \u00e0 sucre).<\/p>\n\n\n\n<p><strong>WC \u00e9cologiques secs: <\/strong>Pour pr\u00e9server l&rsquo;environnement, nos toilettes sont \u00e9cologiques, nous n&rsquo;utilisons pas de produits chimiques. Tout est restitu\u00e9 \u00e0 la nature sous forme d&rsquo;engrais organique, suivant le cycle naturel.<\/p>\n\n\n\n<figure class=\"wp-block-gallery columns-2 is-cropped wp-block-gallery-1 is-layout-flex wp-block-gallery-is-layout-flex\"><ul class=\"blocks-gallery-grid\"><li class=\"blocks-gallery-item\"><figure><img fetchpriority=\"high\" decoding=\"async\" width=\"1024\" height=\"683\" src=\"https:\/\/www.cabanesalsarbres.com\/wp-content\/uploads\/2021\/07\/Cabanes-BR-78-1024x683-1.jpg\" alt=\"\" data-id=\"4917\" data-full-url=\"https:\/\/www.cabanesalsarbres.com\/wp-content\/uploads\/2021\/07\/Cabanes-BR-78-1024x683-1.jpg\" data-link=\"https:\/\/www.cabanesalsarbres.com\/fr\/cabanes-br-78-1024x683-2\/\" class=\"wp-image-4917\" srcset=\"https:\/\/www.cabanesalsarbres.com\/wp-content\/uploads\/2021\/07\/Cabanes-BR-78-1024x683-1.jpg 1024w, https:\/\/www.cabanesalsarbres.com\/wp-content\/uploads\/2021\/07\/Cabanes-BR-78-1024x683-1-300x200.jpg 300w, https:\/\/www.cabanesalsarbres.com\/wp-content\/uploads\/2021\/07\/Cabanes-BR-78-1024x683-1-768x512.jpg 768w\" sizes=\"(max-width: 1024px) 100vw, 1024px\" \/><\/figure><\/li><li class=\"blocks-gallery-item\"><figure><img decoding=\"async\" width=\"1024\" height=\"683\" src=\"https:\/\/www.cabanesalsarbres.com\/wp-content\/uploads\/2021\/07\/MG_1930-1024x683-1.jpg\" alt=\"\" data-id=\"4921\" data-full-url=\"https:\/\/www.cabanesalsarbres.com\/wp-content\/uploads\/2021\/07\/MG_1930-1024x683-1.jpg\" data-link=\"https:\/\/www.cabanesalsarbres.com\/fr\/mg_1930-1024x683-2\/\" class=\"wp-image-4921\" srcset=\"https:\/\/www.cabanesalsarbres.com\/wp-content\/uploads\/2021\/07\/MG_1930-1024x683-1.jpg 1024w, https:\/\/www.cabanesalsarbres.com\/wp-content\/uploads\/2021\/07\/MG_1930-1024x683-1-300x200.jpg 300w, https:\/\/www.cabanesalsarbres.com\/wp-content\/uploads\/2021\/07\/MG_1930-1024x683-1-768x512.jpg 768w\" sizes=\"(max-width: 1024px) 100vw, 1024px\" \/><\/figure><\/li><\/ul><\/figure>\n\n\n\n<h3 class=\"wp-block-heading\">Toutes les cabanes sont construites en bois non trait\u00e9s, lesquels sont choisis en fonction de leurs propri\u00e9t\u00e9s.<\/h3>\n\n\n\n<p>Le ch\u00e2taignier et c\u00e8dre rouge r\u00e9sistent bien aux intemp\u00e9ries et ont \u00e9t\u00e9 retenus pour le rev\u00eatement ext\u00e9rieur.<\/p>\n\n\n\n<p>Le sapin de Douglas a une bonne r\u00e9sistance m\u00e9canique et est utilis\u00e9 pour la structure et le rev\u00eatement int\u00e9rieur. Ses lignes roses et blanches peignent les plafonds et les murs, et l&rsquo;odeur particuli\u00e8re de r\u00e9sine qu&rsquo;elles d\u00e9gagent vous laissera un souvenir inoubliable.<\/p>\n\n\n\n<p>Une couche de fibre de chanvre m\u00e9lang\u00e9e \u00e0 de la fibre de sapin de Douglas assure l&rsquo;isolation, tout comme les fen\u00eatres \u00e0 double vitrage.<\/p>\n\n\n\n<p>Le bois est un isolant thermique naturel efficace, ce qui participe \u00e0 une consommation \u00e9co-responsable.<\/p>\n\n\n\n<p>Au mas, nous avons opt\u00e9 \u00e9galement pour une gestion \u00e9cologique responsable : ampoules basse consommation, chauffage au bois et bien s\u00fbr, recyclage des d\u00e9chets.<\/p>\n\n\n\n<p><strong>Spa \u00e9cologique : <\/strong>Notre espace spa est lui aussi au milieu des bois, en harmonie avec l\u2019environnement. Il est compos\u00e9 d&rsquo;un bain d&rsquo;eau et d&rsquo;un sauna finlandais. Les deux sont chauff\u00e9s uniquement au bois. L\u2019eau provient de notre puits.<\/p>\n\n\n\n<figure class=\"wp-block-image alignfull size-large\"><img decoding=\"async\" width=\"1024\" height=\"683\" src=\"https:\/\/www.cabanesalsarbres.com\/wp-content\/uploads\/2020\/02\/MG_0012-1024x683-1.jpg\" alt=\"\" class=\"wp-image-173\" srcset=\"https:\/\/www.cabanesalsarbres.com\/wp-content\/uploads\/2020\/02\/MG_0012-1024x683-1.jpg 1024w, https:\/\/www.cabanesalsarbres.com\/wp-content\/uploads\/2020\/02\/MG_0012-1024x683-1-300x200.jpg 300w, https:\/\/www.cabanesalsarbres.com\/wp-content\/uploads\/2020\/02\/MG_0012-1024x683-1-768x512.jpg 768w\" sizes=\"(max-width: 1024px) 100vw, 1024px\" \/><\/figure>\n","protected":false},"excerpt":{"rendered":"<p>Avec une philosophie respectueuse de l&rsquo;environnement, notre proposition durable est de s&rsquo;adapter \u00e0 la nature. Apr\u00e8s avoir laiss\u00e9 votre v\u00e9hicule au parking, vous marcherez quelques minutes jusqu&rsquo;\u00e0 votre cabane int\u00e9gr\u00e9e dans la for\u00eat. Profitez de cette immersion magique en toute qui\u00e9tude, au rythme du chant des oiseaux ! \u00c9clairage: La plupart des cabanes n\u2019ont pas [&hellip;]<\/p>\n","protected":false},"author":3,"featured_media":0,"parent":1984,"menu_order":0,"comment_status":"closed","ping_status":"closed","template":"","meta":{"footnotes":""},"class_list":["post-1998","page","type-page","status-publish","hentry"],"_links":{"self":[{"href":"https:\/\/www.cabanesalsarbres.com\/fr\/wp-json\/wp\/v2\/pages\/1998","targetHints":{"allow":["GET"]}}],"collection":[{"href":"https:\/\/www.cabanesalsarbres.com\/fr\/wp-json\/wp\/v2\/pages"}],"about":[{"href":"https:\/\/www.cabanesalsarbres.com\/fr\/wp-json\/wp\/v2\/types\/page"}],"author":[{"embeddable":true,"href":"https:\/\/www.cabanesalsarbres.com\/fr\/wp-json\/wp\/v2\/users\/3"}],"replies":[{"embeddable":true,"href":"https:\/\/www.cabanesalsarbres.com\/fr\/wp-json\/wp\/v2\/comments?post=1998"}],"version-history":[{"count":8,"href":"https:\/\/www.cabanesalsarbres.com\/fr\/wp-json\/wp\/v2\/pages\/1998\/revisions"}],"predecessor-version":[{"id":5248,"href":"https:\/\/www.cabanesalsarbres.com\/fr\/wp-json\/wp\/v2\/pages\/1998\/revisions\/5248"}],"up":[{"embeddable":true,"href":"https:\/\/www.cabanesalsarbres.com\/fr\/wp-json\/wp\/v2\/pages\/1984"}],"wp:attachment":[{"href":"https:\/\/www.cabanesalsarbres.com\/fr\/wp-json\/wp\/v2\/media?parent=1998"}],"curies":[{"name":"wp","href":"https:\/\/api.w.org\/{rel}","templated":true}]}}