{"id":2002,"date":"2020-02-19T10:35:40","date_gmt":"2020-02-19T08:35:40","guid":{"rendered":"http:\/\/cab2.crealogica.eu\/politica-de-cookies\/"},"modified":"2020-05-14T10:34:23","modified_gmt":"2020-05-14T08:34:23","slug":"politique-de-cookies","status":"publish","type":"page","link":"https:\/\/www.cabanesalsarbres.com\/fr\/politique-de-cookies\/","title":{"rendered":"Politique de cookies"},"content":{"rendered":"\n<p>Les cookies sont de petits fichiers texte, install\u00e9s sur les ordinateurs \u00e0 partir desquels vous acc\u00e9dez \u00e0 notre site internet. Ils peuvent stocker l&rsquo;identification de l&rsquo;utilisateur qui visite le site internet et les endroits qu&rsquo;ils parcourent. Lorsque l&rsquo;utilisateur (vous dans ce cas) nous visite \u00e0 nouveau, des cookies sont lus pour les identifier et r\u00e9initialiser leurs pr\u00e9f\u00e9rences et param\u00e8tres de navigation. Si un utilisateur n&rsquo;autorise pas l&rsquo;utilisation de cookies, certains services ou fonctionnalit\u00e9s du site internet peuvent ne pas \u00eatre disponibles.<\/p>\n\n\n\n<p>Nous voulons que ce site vous offre un service de qualit\u00e9 et soit facile d\u2019utilisation. Notre objectif est de vous proposer des produits et des services personnalis\u00e9s. En ce sens, les cookies nous permettent :<\/p>\n\n\n\n<ul class=\"wp-block-list\"><li>D\u2019identifier les utilisateurs enregistr\u00e9s lorsqu&rsquo;ils reviennent sur le site afin qu&rsquo;ils puissent r\u00e9cup\u00e9rer les r\u00e9sultats de leur activit\u00e9 pr\u00e9c\u00e9dente.<\/li><li>De gagner du temps en \u00e9vitant de ressaisir les m\u00eames informations.<\/li><li>De renforcer votre s\u00e9curit\u00e9 en v\u00e9rifiant vos informations de connexion.<\/li><\/ul>\n\n\n\n<p>Certains cookies proviennent de collaborateurs externes et sont utilis\u00e9s pour :<br><\/p>\n\n\n\n<ul class=\"wp-block-list\"><li>Analyser statistiquement les informations auxquelles acc\u00e8dent les utilisateurs de notre site. Les donn\u00e9es collect\u00e9es peuvent inclure l&rsquo;activit\u00e9 du navigateur de l&rsquo;utilisateur lors de sa visite, le chemin que les utilisateurs suivent sur notre site, les informations du fournisseur de services Internet du visiteur, le nombre de fois o\u00f9 les utilisateurs acc\u00e8dent au site et le comportement des utilisateurs sur notre site (pages que vous avez visit\u00e9es, formulaires que vous avez remplis&#8230;).<\/li><li>Identifier les utilisateurs qui visitent notre site \u00e0 partir de l&rsquo;invitation d&rsquo;un site Internet associ\u00e9 ou d&rsquo;un lien sponsoris\u00e9.<\/li><\/ul>\n\n\n\n<p>Vous pouvez r\u00e9voquer votre consentement \u00e0 l&rsquo;utilisation de cookies en les supprimant \u00e0 l&rsquo;aide des options propos\u00e9es par votre navigateur.<\/p>\n\n\n\n<p>Si vous souhaitez recevoir des informations suppl\u00e9mentaires sur l&rsquo;activit\u00e9 des soci\u00e9t\u00e9s de publicit\u00e9 sur Internet ou savoir comment supprimer vos donn\u00e9es des enregistrements de ces soci\u00e9t\u00e9s, nous vous recommandons de visiter www.networkadvertising.org.<\/p>\n\n\n\n<p>____________&nbsp;<\/p>\n\n\n\n<h3 class=\"wp-block-heading\"><strong>Ce site utilise les cookies suivants:<\/strong><\/h3>\n\n\n\n<ul class=\"wp-block-list\"><li>Google Analytics pour obtenir et analyser les informations de navigation des utilisateurs. En savoir plus sur www.google.com\/analytics\/. Pour contr\u00f4ler la collecte de donn\u00e9es \u00e0 des fins analytiques par Google Analytics, vous pouvez acc\u00e9der \u00e0 https:\/\/tools.google.com\/dlpage\/gaoptout?hl=en<\/li><\/ul>\n\n\n\n<p>_______________&nbsp;<\/p>\n\n\n\n<p>Vous pouvez configurer votre navigateur pour \u00eatre inform\u00e9s \u00e0 l&rsquo;avance de l&rsquo;installation \u00e9ventuelle de cookies. Vous pouvez \u00e9galement choisir de les supprimer automatiquement une fois que votre activit\u00e9 sera termin\u00e9e sur le navigateur, l\u2019ordinateur ou l\u2019appareil. Vous pouvez trouver des informations sur la fa\u00e7on de proc\u00e9der \u00e0:<\/p>\n\n\n\n<ul class=\"wp-block-list\"><li>Pour Firefox \u00e0\u00a0<a href=\"http:\/\/support.mozilla.org\/es\/kb\/cookies-informacion-que-los-sitios-web-guardan-en-?esab=a&amp;s=cookies&amp;r=1&amp;as=s\" rel=\"nofollow noopener\" target=\"_blank\">http:\/\/support.mozilla.org\/es\/kb\/cookies-informacion-que-los-sitios-web-guardan-en-?esab=a&amp;s=cookies&amp;r=1&amp;as=s.<\/a><\/li><li>Pour Chrome \u00e0\u00a0<a href=\"http:\/\/support.google.com\/chrome\/bin\/answer.py?hl=es&amp;answer=95647\" rel=\"nofollow noopener\" target=\"_blank\">http:\/\/support.google.com\/chrome\/bin\/answer.py?hl=es&amp;answer=95647.<\/a><\/li><li>Pour Explorer\u00a0<a href=\"http:\/\/windows.microsoft.com\/es-es\/windows7\/how-to-manage-cookies-in-internet-explorer-9\" rel=\"nofollow noopener\" target=\"_blank\">http:\/\/windows.microsoft.com\/es-es\/windows7\/how-to-manage-cookies-in-internet-explorer-9.<\/a><\/li><li>Pour Safari\u00a0<a href=\"http:\/\/support.apple.com\/kb\/ph5042\" rel=\"nofollow noopener\" target=\"_blank\">http:\/\/support.apple.com\/kb\/ph5042.<\/a><\/li><li>Pour Safari pour IOS\u00a0<a href=\"http:\/\/support.apple.com\/kb\/HT1677?viewlocale=es_ES&amp;locale=es_ES\" rel=\"nofollow noopener\" target=\"_blank\">http:\/\/support.apple.com\/kb\/HT1677?viewlocale=es_ES&amp;locale=es_ES<\/a><\/li><li>Pour Opera \u00e0\u00a0<a href=\"http:\/\/help.opera.com\/Windows\/11.50\/es-ES\/cookies.html\" rel=\"nofollow noopener\" target=\"_blank\">http:\/\/help.opera.com\/Windows\/11.50\/es-ES\/cookies.html<\/a><\/li><\/ul>\n","protected":false},"excerpt":{"rendered":"<p>Les cookies sont de petits fichiers texte, install\u00e9s sur les ordinateurs \u00e0 partir desquels vous acc\u00e9dez \u00e0 notre site internet. Ils peuvent stocker l&rsquo;identification de l&rsquo;utilisateur qui visite le site internet et les endroits qu&rsquo;ils parcourent. Lorsque l&rsquo;utilisateur (vous dans ce cas) nous visite \u00e0 nouveau, des cookies sont lus pour les identifier et r\u00e9initialiser [&hellip;]<\/p>\n","protected":false},"author":3,"featured_media":0,"parent":0,"menu_order":0,"comment_status":"closed","ping_status":"closed","template":"","meta":{"footnotes":""},"class_list":["post-2002","page","type-page","status-publish","hentry"],"_links":{"self":[{"href":"https:\/\/www.cabanesalsarbres.com\/fr\/wp-json\/wp\/v2\/pages\/2002","targetHints":{"allow":["GET"]}}],"collection":[{"href":"https:\/\/www.cabanesalsarbres.com\/fr\/wp-json\/wp\/v2\/pages"}],"about":[{"href":"https:\/\/www.cabanesalsarbres.com\/fr\/wp-json\/wp\/v2\/types\/page"}],"author":[{"embeddable":true,"href":"https:\/\/www.cabanesalsarbres.com\/fr\/wp-json\/wp\/v2\/users\/3"}],"replies":[{"embeddable":true,"href":"https:\/\/www.cabanesalsarbres.com\/fr\/wp-json\/wp\/v2\/comments?post=2002"}],"version-history":[{"count":2,"href":"https:\/\/www.cabanesalsarbres.com\/fr\/wp-json\/wp\/v2\/pages\/2002\/revisions"}],"predecessor-version":[{"id":2628,"href":"https:\/\/www.cabanesalsarbres.com\/fr\/wp-json\/wp\/v2\/pages\/2002\/revisions\/2628"}],"wp:attachment":[{"href":"https:\/\/www.cabanesalsarbres.com\/fr\/wp-json\/wp\/v2\/media?parent=2002"}],"curies":[{"name":"wp","href":"https:\/\/api.w.org\/{rel}","templated":true}]}}