{"id":2008,"date":"2020-02-18T11:22:23","date_gmt":"2020-02-18T09:22:23","guid":{"rendered":"http:\/\/cab2.crealogica.eu\/nos-valeurs\/seguretat-i-entorn\/"},"modified":"2021-10-26T17:39:39","modified_gmt":"2021-10-26T15:39:39","slug":"securite","status":"publish","type":"page","link":"https:\/\/www.cabanesalsarbres.com\/fr\/nos-valeurs\/securite\/","title":{"rendered":"S\u00e9curit\u00e9"},"content":{"rendered":"\n<h2 class=\"wp-block-heading\">Nous prenons soin de notre for\u00eat et de nos h\u00f4tes avec :<\/h2>\n\n\n\n<ul class=\"wp-block-list\"><li>Des paratonnerres install\u00e9s pr\u00e8s des cabanes.<\/li><\/ul>\n\n\n\n<ul class=\"wp-block-list\"><li>Notre propre station m\u00e9t\u00e9o contr\u00f4l\u00e9e 24h \/ 24 depuis le mas.<\/li><\/ul>\n\n\n\n<ul class=\"wp-block-list\"><li>Un r\u00e9seau de bornes incendie \u00e0 proximit\u00e9 de chaque cabane.<\/li><\/ul>\n\n\n\n<ul class=\"wp-block-list\"><li>Des asperseurs automatiques, ainsi qu&rsquo;un extincteur \u00e0 l&rsquo;int\u00e9rieur de chaque cabane.<\/li><\/ul>\n\n\n\n<ul class=\"wp-block-list\"><li>Un r\u00e8glement avec l&rsquo;engagement de ne fumer ni \u00e0 l&rsquo;int\u00e9rieur ni \u00e0 l&rsquo;ext\u00e9rieur du nid dans lequel vous dormirez. Nous avons un espace r\u00e9serv\u00e9 aux fumeurs pr\u00e8s du mas.<\/li><\/ul>\n","protected":false},"excerpt":{"rendered":"<p>Nous prenons soin de notre for\u00eat et de nos h\u00f4tes avec : Des paratonnerres install\u00e9s pr\u00e8s des cabanes. Notre propre station m\u00e9t\u00e9o contr\u00f4l\u00e9e 24h \/ 24 depuis le mas. Un r\u00e9seau de bornes incendie \u00e0 proximit\u00e9 de chaque cabane. Des asperseurs automatiques, ainsi qu&rsquo;un extincteur \u00e0 l&rsquo;int\u00e9rieur de chaque cabane. Un r\u00e8glement avec l&rsquo;engagement de [&hellip;]<\/p>\n","protected":false},"author":3,"featured_media":0,"parent":1984,"menu_order":0,"comment_status":"closed","ping_status":"closed","template":"","meta":{"footnotes":""},"class_list":["post-2008","page","type-page","status-publish","hentry"],"_links":{"self":[{"href":"https:\/\/www.cabanesalsarbres.com\/fr\/wp-json\/wp\/v2\/pages\/2008","targetHints":{"allow":["GET"]}}],"collection":[{"href":"https:\/\/www.cabanesalsarbres.com\/fr\/wp-json\/wp\/v2\/pages"}],"about":[{"href":"https:\/\/www.cabanesalsarbres.com\/fr\/wp-json\/wp\/v2\/types\/page"}],"author":[{"embeddable":true,"href":"https:\/\/www.cabanesalsarbres.com\/fr\/wp-json\/wp\/v2\/users\/3"}],"replies":[{"embeddable":true,"href":"https:\/\/www.cabanesalsarbres.com\/fr\/wp-json\/wp\/v2\/comments?post=2008"}],"version-history":[{"count":6,"href":"https:\/\/www.cabanesalsarbres.com\/fr\/wp-json\/wp\/v2\/pages\/2008\/revisions"}],"predecessor-version":[{"id":5246,"href":"https:\/\/www.cabanesalsarbres.com\/fr\/wp-json\/wp\/v2\/pages\/2008\/revisions\/5246"}],"up":[{"embeddable":true,"href":"https:\/\/www.cabanesalsarbres.com\/fr\/wp-json\/wp\/v2\/pages\/1984"}],"wp:attachment":[{"href":"https:\/\/www.cabanesalsarbres.com\/fr\/wp-json\/wp\/v2\/media?parent=2008"}],"curies":[{"name":"wp","href":"https:\/\/api.w.org\/{rel}","templated":true}]}}